{"id":5300,"date":"2022-02-01T16:26:16","date_gmt":"2022-02-01T19:26:16","guid":{"rendered":"https:\/\/www.bloe.com.br\/?post_type=product&#038;p=5300"},"modified":"2025-10-22T14:11:40","modified_gmt":"2025-10-22T17:11:40","slug":"vestido-longo-alca-fina-liocel-2","status":"publish","type":"product","link":"https:\/\/www.bloe.com.br\/index.php\/produto\/vestido-longo-alca-fina-liocel-2\/","title":{"rendered":"Vestido Longo Al\u00e7a Fina Liocel"},"content":{"rendered":"<p>Vestido longo de alcinha com regulagem,e abertura lateral na barra. Perfeito para usar com salto, rasteirinha ou t\u00eanis. Etiquetas e tags feitos com reaproveitamento de retalhos da produ\u00e7\u00e3o. A fibra de liocel \u00e9 ecologicamente produzida a partir da celulose encontrada na madeira e possui alta taxa de absor\u00e7\u00e3o e evapora\u00e7\u00e3o da umidade. Por isso \u00e9 antibacteriano e respir\u00e1vel. Tem um processo de ciclo fechado, que ajuda na regula\u00e7\u00e3o dos n\u00edveis de CO2. \u00c9 naturalmente biodegrad\u00e1vel, seu cultivo n\u00e3o requer irriga\u00e7\u00e3o ou pesticidas e n\u00e3o produz subprodutos nocivos. Em compara\u00e7\u00e3o com outras fibras artificiais, ele usa menos \u00e1gua e energia.<\/p>\n","protected":false},"excerpt":{"rendered":"<p>Vestido longo de alcinha com regulagem, e abertura lateral na barra.<\/p>\n","protected":false},"featured_media":5301,"comment_status":"open","ping_status":"closed","template":"","meta":{"spay_email":"","jetpack_publicize_message":"","jetpack_is_tweetstorm":false},"jetpack_publicize_connections":[],"_links":{"self":[{"href":"https:\/\/www.bloe.com.br\/index.php\/wp-json\/wp\/v2\/product\/5300"}],"collection":[{"href":"https:\/\/www.bloe.com.br\/index.php\/wp-json\/wp\/v2\/product"}],"about":[{"href":"https:\/\/www.bloe.com.br\/index.php\/wp-json\/wp\/v2\/types\/product"}],"replies":[{"embeddable":true,"href":"https:\/\/www.bloe.com.br\/index.php\/wp-json\/wp\/v2\/comments?post=5300"}],"wp:featuredmedia":[{"embeddable":true,"href":"https:\/\/www.bloe.com.br\/index.php\/wp-json\/wp\/v2\/media\/5301"}],"wp:attachment":[{"href":"https:\/\/www.bloe.com.br\/index.php\/wp-json\/wp\/v2\/media?parent=5300"}],"curies":[{"name":"wp","href":"https:\/\/api.w.org\/{rel}","templated":true}]}}