{"id":5291,"date":"2022-02-01T16:51:30","date_gmt":"2022-02-01T19:51:30","guid":{"rendered":"https:\/\/www.bloe.com.br\/?post_type=product&#038;p=5291"},"modified":"2023-01-05T13:26:14","modified_gmt":"2023-01-05T16:26:14","slug":"pantalona-malha-natural-feminina-2","status":"publish","type":"product","link":"https:\/\/www.bloe.com.br\/index.php\/produto\/pantalona-malha-natural-feminina-2\/","title":{"rendered":"Pantalona Malha Natural Feminina"},"content":{"rendered":"<p>Cal\u00e7a com modelagem pantalona que alonga o corpo, c\u00f3s em el\u00e1stico largo e bolsos nas laterais com corte a fio. O tecido \u00e9 um moletinho confort\u00e1vel, feito com algod\u00e3o BCI (Better Cotton Initiative). O tingimento \u00e9 feito sem o uso de subst\u00e2ncias nocivas \u00e0 sa\u00fade, em f\u00e1bricas certificadas com o OEKO-TEX 100. Tecido obtido a partir do garimpo em sobras da ind\u00fastria de larga escala e, por isso, produzimos quantidades reduzidas. Composi\u00e7\u00e3o: 50% algod\u00e3o, 50% poli\u00e9ster. Os tags s\u00e3o de papel reciclado e a etiqueta \u00e9 feita com tecidos de res\u00edduos de produ\u00e7\u00e3o.<\/p>\n","protected":false},"excerpt":{"rendered":"<p>Cal\u00e7a com modelagem pantalona que alonga o corpo, c\u00f3s em el\u00e1stico largo e bolsos nas laterais com corte a fio.<\/p>\n","protected":false},"featured_media":5340,"comment_status":"open","ping_status":"closed","template":"","meta":{"spay_email":"","jetpack_publicize_message":"","jetpack_is_tweetstorm":false},"jetpack_publicize_connections":[],"_links":{"self":[{"href":"https:\/\/www.bloe.com.br\/index.php\/wp-json\/wp\/v2\/product\/5291"}],"collection":[{"href":"https:\/\/www.bloe.com.br\/index.php\/wp-json\/wp\/v2\/product"}],"about":[{"href":"https:\/\/www.bloe.com.br\/index.php\/wp-json\/wp\/v2\/types\/product"}],"replies":[{"embeddable":true,"href":"https:\/\/www.bloe.com.br\/index.php\/wp-json\/wp\/v2\/comments?post=5291"}],"wp:featuredmedia":[{"embeddable":true,"href":"https:\/\/www.bloe.com.br\/index.php\/wp-json\/wp\/v2\/media\/5340"}],"wp:attachment":[{"href":"https:\/\/www.bloe.com.br\/index.php\/wp-json\/wp\/v2\/media?parent=5291"}],"curies":[{"name":"wp","href":"https:\/\/api.w.org\/{rel}","templated":true}]}}