{"id":5120,"date":"2022-01-18T09:03:31","date_gmt":"2022-01-18T12:03:31","guid":{"rendered":"https:\/\/www.bloe.com.br\/?post_type=product&#038;p=5120"},"modified":"2025-10-22T14:16:09","modified_gmt":"2025-10-22T17:16:09","slug":"pantacourt-linho-transpasse","status":"publish","type":"product","link":"https:\/\/www.bloe.com.br\/index.php\/produto\/pantacourt-linho-transpasse\/","title":{"rendered":"Pantacourt Linho Transpasse"},"content":{"rendered":"<p>Cal\u00e7a com z\u00edper invis\u00edvel na traseira e transpasses laterais. Modelagem mais ajustada na cintura e mais folgada nas pernas. O tecido tem alta capacidade de absor\u00e7\u00e3o e \u00e9 confort\u00e1vel para uso em dias quentes. Composi\u00e7\u00e3o: feito com 51% linho, 49% algod\u00e3o (Pima). O tecido \u00e9 uma combina\u00e7\u00e3o de algod\u00e3o Pima com linho. Certificado pela EUROPEAN FLAX\u00ae, a produ\u00e7\u00e3o do linho respeita crit\u00e9rios de rastreabilidade e \u00e9 cultivado sem irriga\u00e7\u00e3o e sem organismos geneticamente modificados. A certifica\u00e7\u00e3o Oeko-Tex 100 atesta que o tecido \u00e9 livre de subst\u00e2ncias nocivas, pesticidas e n\u00e3o causa irrita\u00e7\u00e3o \u00e0 pele. A tinturaria e estamparia utilizam \u00e1gua de reuso, o que evita o consumo de \u00e1gua pot\u00e1vel.<\/p>\n","protected":false},"excerpt":{"rendered":"<p>Cal\u00e7a com z\u00edper invis\u00edvel na traseira e transpasses laterais.<\/p>\n","protected":false},"featured_media":5122,"comment_status":"open","ping_status":"closed","template":"","meta":{"spay_email":"","jetpack_publicize_message":"","jetpack_is_tweetstorm":false},"jetpack_publicize_connections":[],"_links":{"self":[{"href":"https:\/\/www.bloe.com.br\/index.php\/wp-json\/wp\/v2\/product\/5120"}],"collection":[{"href":"https:\/\/www.bloe.com.br\/index.php\/wp-json\/wp\/v2\/product"}],"about":[{"href":"https:\/\/www.bloe.com.br\/index.php\/wp-json\/wp\/v2\/types\/product"}],"replies":[{"embeddable":true,"href":"https:\/\/www.bloe.com.br\/index.php\/wp-json\/wp\/v2\/comments?post=5120"}],"wp:featuredmedia":[{"embeddable":true,"href":"https:\/\/www.bloe.com.br\/index.php\/wp-json\/wp\/v2\/media\/5122"}],"wp:attachment":[{"href":"https:\/\/www.bloe.com.br\/index.php\/wp-json\/wp\/v2\/media?parent=5120"}],"curies":[{"name":"wp","href":"https:\/\/api.w.org\/{rel}","templated":true}]}}