{"id":4979,"date":"2021-12-08T16:53:30","date_gmt":"2021-12-08T19:53:30","guid":{"rendered":"https:\/\/www.bloe.com.br\/?post_type=product&#038;p=4979"},"modified":"2025-03-24T09:11:33","modified_gmt":"2025-03-24T12:11:33","slug":"blusa-modal-conforto-manga-3-4-feminina","status":"publish","type":"product","link":"https:\/\/www.bloe.com.br\/index.php\/produto\/blusa-modal-conforto-manga-3-4-feminina\/","title":{"rendered":"Blusa Modal Conforto Manga 3\/4 Feminina"},"content":{"rendered":"<p>Blusa feita em 91% modal e 9% elastano.\u00c9 uma fibra livre de subst\u00e2ncias nocivas, pesticidas e n\u00e3o causa irrita\u00e7\u00e3o da pele, ecologicamente produzida a partir da celulose encontrada na madeira possui alta taxa de absor\u00e7\u00e3o (de quase 50 %) e evapora\u00e7\u00e3o da umidade tem toque ultra macio e \u00e9 muit\u00edssimo confort\u00e1vel. A modelagem \u00e9 soltinha, feita pra ser confort\u00e1vel e disfar\u00e7ar gordurinhas, mas sem perder a eleg\u00e2ncia. D\u00e1 pra compor look b\u00e1sico, ou d\u00e1 pra compor com um belo acess\u00f3rio ou casaco e ficar bem sofisticada!<\/p>\n","protected":false},"excerpt":{"rendered":"<p>Blusa feita em 91% modal e 9% elastano.<\/p>\n","protected":false},"featured_media":4987,"comment_status":"open","ping_status":"closed","template":"","meta":{"spay_email":"","jetpack_publicize_message":"","jetpack_is_tweetstorm":false},"jetpack_publicize_connections":[],"_links":{"self":[{"href":"https:\/\/www.bloe.com.br\/index.php\/wp-json\/wp\/v2\/product\/4979"}],"collection":[{"href":"https:\/\/www.bloe.com.br\/index.php\/wp-json\/wp\/v2\/product"}],"about":[{"href":"https:\/\/www.bloe.com.br\/index.php\/wp-json\/wp\/v2\/types\/product"}],"replies":[{"embeddable":true,"href":"https:\/\/www.bloe.com.br\/index.php\/wp-json\/wp\/v2\/comments?post=4979"}],"wp:featuredmedia":[{"embeddable":true,"href":"https:\/\/www.bloe.com.br\/index.php\/wp-json\/wp\/v2\/media\/4987"}],"wp:attachment":[{"href":"https:\/\/www.bloe.com.br\/index.php\/wp-json\/wp\/v2\/media?parent=4979"}],"curies":[{"name":"wp","href":"https:\/\/api.w.org\/{rel}","templated":true}]}}