{"id":4959,"date":"2021-12-08T09:16:42","date_gmt":"2021-12-08T12:16:42","guid":{"rendered":"https:\/\/www.bloe.com.br\/?post_type=product&#038;p=4959"},"modified":"2023-09-15T10:26:46","modified_gmt":"2023-09-15T13:26:46","slug":"vestido-poliamida-biodegradavel-e-modal-listrada","status":"publish","type":"product","link":"https:\/\/www.bloe.com.br\/index.php\/produto\/vestido-poliamida-biodegradavel-e-modal-listrada\/","title":{"rendered":"Vestido Poliamida Biodegrad\u00e1vel e Modal Listrada"},"content":{"rendered":"<p>Vestido feito com 42% de viscose e 36% de modal e 22% de poliamida biodegrad\u00e1vel. A viscose usada nesse produto \u00e9 certificada pela Lenzing\u00ae. Isso significa que essas fibras s\u00e3o produzidas com mat\u00e9ria-prima obtida a partir do cultivo respons\u00e1vel de madeira. A fibra de modal \u00e9 livre de subst\u00e2ncias nocivas, pesticidas e n\u00e3o causa irrita\u00e7\u00e3o da pele. Ela \u00e9 ecologicamente produzida a partir da celulose encontrada na madeira e possui alta taxa de absor\u00e7\u00e3o. Por fim, a poliamida biodegrad\u00e1vel \u00e9 desenvolvida no Brasil. Tecidos com essa fibra se decomp\u00f5em em at\u00e9 3 anos se descartados de forma correta em aterro sanit\u00e1rio, um avan\u00e7o grande se comparado com a poliamida comum, em que esse processo chega a levar 50 anos. A modelagem \u00e9 soltinha e veste bem em v\u00e1rios corpos. A estampa \u00e9 atemporal e f\u00e1cil de combinar. Tem dois bolsos.<\/p>\n","protected":false},"excerpt":{"rendered":"<p>Vestido feito com 42% de viscose e 36% de modal e 22% de poliamida biodegrad\u00e1vel.<\/p>\n","protected":false},"featured_media":4426,"comment_status":"open","ping_status":"closed","template":"","meta":{"spay_email":"","jetpack_publicize_message":"","jetpack_is_tweetstorm":false},"jetpack_publicize_connections":[],"_links":{"self":[{"href":"https:\/\/www.bloe.com.br\/index.php\/wp-json\/wp\/v2\/product\/4959"}],"collection":[{"href":"https:\/\/www.bloe.com.br\/index.php\/wp-json\/wp\/v2\/product"}],"about":[{"href":"https:\/\/www.bloe.com.br\/index.php\/wp-json\/wp\/v2\/types\/product"}],"replies":[{"embeddable":true,"href":"https:\/\/www.bloe.com.br\/index.php\/wp-json\/wp\/v2\/comments?post=4959"}],"wp:featuredmedia":[{"embeddable":true,"href":"https:\/\/www.bloe.com.br\/index.php\/wp-json\/wp\/v2\/media\/4426"}],"wp:attachment":[{"href":"https:\/\/www.bloe.com.br\/index.php\/wp-json\/wp\/v2\/media?parent=4959"}],"curies":[{"name":"wp","href":"https:\/\/api.w.org\/{rel}","templated":true}]}}