{"id":4891,"date":"2021-12-06T15:11:58","date_gmt":"2021-12-06T18:11:58","guid":{"rendered":"https:\/\/www.bloe.com.br\/?post_type=product&#038;p=4891"},"modified":"2024-01-22T09:30:52","modified_gmt":"2024-01-22T12:30:52","slug":"vestido-natural-jacquard","status":"publish","type":"product","link":"https:\/\/www.bloe.com.br\/index.php\/produto\/vestido-natural-jacquard\/","title":{"rendered":"Vestido Natural Jacquard"},"content":{"rendered":"<p>Vestido feito com 70% de algod\u00e3o reciclado e 30% de poli\u00e9ster produzido a partir de garrafas PET. O desenho \u00e9 feito com uma t\u00e9cnica que se chama Jacquard e \u00e9 feito pelo entrela\u00e7amento dos fios e n\u00e3o com estampa. \u00c9 encorpado e super nobre! A modelagem soltinha tamb\u00e9m ajuda a pe\u00e7a e vestir diferentes padr\u00f5es de corpos. A frente tem dois bolsos que n\u00e3o s\u00e3o s\u00f3 de enfeite n\u00e3o; e a traseira tem um decote super bacana e na medida certa pra voc\u00ea n\u00e3o precisar se preocupar com o suti\u00e3 aparecendo!<\/p>\n<p>&nbsp;<\/p>\n","protected":false},"excerpt":{"rendered":"<p>Vestido feito com 70% de algod\u00e3o reciclado e 30% de poli\u00e9ster produzido a partir de garrafas PET.<\/p>\n","protected":false},"featured_media":4893,"comment_status":"open","ping_status":"closed","template":"","meta":{"spay_email":"","jetpack_publicize_message":"","jetpack_is_tweetstorm":false},"jetpack_publicize_connections":[],"_links":{"self":[{"href":"https:\/\/www.bloe.com.br\/index.php\/wp-json\/wp\/v2\/product\/4891"}],"collection":[{"href":"https:\/\/www.bloe.com.br\/index.php\/wp-json\/wp\/v2\/product"}],"about":[{"href":"https:\/\/www.bloe.com.br\/index.php\/wp-json\/wp\/v2\/types\/product"}],"replies":[{"embeddable":true,"href":"https:\/\/www.bloe.com.br\/index.php\/wp-json\/wp\/v2\/comments?post=4891"}],"wp:featuredmedia":[{"embeddable":true,"href":"https:\/\/www.bloe.com.br\/index.php\/wp-json\/wp\/v2\/media\/4893"}],"wp:attachment":[{"href":"https:\/\/www.bloe.com.br\/index.php\/wp-json\/wp\/v2\/media?parent=4891"}],"curies":[{"name":"wp","href":"https:\/\/api.w.org\/{rel}","templated":true}]}}