{"id":4876,"date":"2021-12-06T14:18:57","date_gmt":"2021-12-06T17:18:57","guid":{"rendered":"https:\/\/www.bloe.com.br\/?post_type=product&#038;p=4876"},"modified":"2022-11-11T15:35:37","modified_gmt":"2022-11-11T18:35:37","slug":"camiseta-natural-gola-portuguesa-masculina","status":"publish","type":"product","link":"https:\/\/www.bloe.com.br\/index.php\/produto\/camiseta-natural-gola-portuguesa-masculina\/","title":{"rendered":"Camiseta Natural Gola Portuguesa Masculina"},"content":{"rendered":"<p>Camiseta feita com uma malha to-tal-men-te ecol\u00f3gica! Feita com 86% de poli\u00e9ster PET e 14% de algod\u00e3o reciclado! A camiseta tem uma textura estilosa de boton\u00ea! \u00c9 esse efeito mesclado e com &#8220;bolinhas&#8221; que d\u00e1 aquela cara de natural! Detalhes pequenos que fazem a diferen\u00e7a: corte a fio, costura com ponto diferenciado e aplica\u00e7\u00e3o de folhinha feita com um material marrom que remete \u00e0s refer\u00eancias org\u00e2nicas que tanto inspiram a nossa cria\u00e7\u00e3o. A abertura com bot\u00f5es \u00e9 o que a gente chama de gola portuguesa. Os bot\u00f5es de madeira d\u00e3o um charme todo especial, seguindo essa mesma refer\u00eancia de mat\u00e9ria-prima natural.<\/p>\n","protected":false},"excerpt":{"rendered":"<p>Feita com 86% de poli\u00e9ster PET e 14% de algod\u00e3o reciclado! A camiseta tem uma textura estilosa de boton\u00ea!<\/p>\n","protected":false},"featured_media":4880,"comment_status":"open","ping_status":"closed","template":"","meta":{"spay_email":"","jetpack_publicize_message":"","jetpack_is_tweetstorm":false},"jetpack_publicize_connections":[],"_links":{"self":[{"href":"https:\/\/www.bloe.com.br\/index.php\/wp-json\/wp\/v2\/product\/4876"}],"collection":[{"href":"https:\/\/www.bloe.com.br\/index.php\/wp-json\/wp\/v2\/product"}],"about":[{"href":"https:\/\/www.bloe.com.br\/index.php\/wp-json\/wp\/v2\/types\/product"}],"replies":[{"embeddable":true,"href":"https:\/\/www.bloe.com.br\/index.php\/wp-json\/wp\/v2\/comments?post=4876"}],"wp:featuredmedia":[{"embeddable":true,"href":"https:\/\/www.bloe.com.br\/index.php\/wp-json\/wp\/v2\/media\/4880"}],"wp:attachment":[{"href":"https:\/\/www.bloe.com.br\/index.php\/wp-json\/wp\/v2\/media?parent=4876"}],"curies":[{"name":"wp","href":"https:\/\/api.w.org\/{rel}","templated":true}]}}