{"id":4861,"date":"2021-12-06T17:02:38","date_gmt":"2021-12-06T20:02:38","guid":{"rendered":"https:\/\/www.bloe.com.br\/?post_type=product&#038;p=4861"},"modified":"2023-11-27T09:21:27","modified_gmt":"2023-11-27T12:21:27","slug":"camiseta-natural-com-bolso-masculina","status":"publish","type":"product","link":"https:\/\/www.bloe.com.br\/index.php\/produto\/camiseta-natural-com-bolso-masculina\/","title":{"rendered":"Camiseta Natural Com Bolso Masculina"},"content":{"rendered":"<p>Camiseta feita com uma malha to-tal-men-te ecol\u00f3gica! 86% de poli\u00e9ster PET e 14% de algod\u00e3o reciclado! Mas claro que al\u00e9m de ficar em paz com a origem, qualidade e conforto da nossa roupa. A camiseta tem uma textura estilosa de boton\u00ea! \u00c9 esse efeito mesclado e com &#8220;bolinhas&#8221; que d\u00e1 aquela cara de natural. Corte a fio, costura com ponto diferenciado e aplica\u00e7\u00e3o de folhinha feita com um material marrom que remete \u00e0s refer\u00eancias org\u00e2nicas que tanto inspiram a nossa cria\u00e7\u00e3o.<\/p>\n","protected":false},"excerpt":{"rendered":"<p>Camiseta feita com uma malha to-tal-men-te ecol\u00f3gica! 86% de poli\u00e9ster PET e 14% de algod\u00e3o reciclado!<\/p>\n","protected":false},"featured_media":4862,"comment_status":"open","ping_status":"closed","template":"","meta":{"spay_email":"","jetpack_publicize_message":"","jetpack_is_tweetstorm":false},"jetpack_publicize_connections":[],"_links":{"self":[{"href":"https:\/\/www.bloe.com.br\/index.php\/wp-json\/wp\/v2\/product\/4861"}],"collection":[{"href":"https:\/\/www.bloe.com.br\/index.php\/wp-json\/wp\/v2\/product"}],"about":[{"href":"https:\/\/www.bloe.com.br\/index.php\/wp-json\/wp\/v2\/types\/product"}],"replies":[{"embeddable":true,"href":"https:\/\/www.bloe.com.br\/index.php\/wp-json\/wp\/v2\/comments?post=4861"}],"wp:featuredmedia":[{"embeddable":true,"href":"https:\/\/www.bloe.com.br\/index.php\/wp-json\/wp\/v2\/media\/4862"}],"wp:attachment":[{"href":"https:\/\/www.bloe.com.br\/index.php\/wp-json\/wp\/v2\/media?parent=4861"}],"curies":[{"name":"wp","href":"https:\/\/api.w.org\/{rel}","templated":true}]}}