{"id":4831,"date":"2021-12-06T17:26:11","date_gmt":"2021-12-06T20:26:11","guid":{"rendered":"https:\/\/www.bloe.com.br\/?post_type=product&#038;p=4831"},"modified":"2022-12-26T16:08:57","modified_gmt":"2022-12-26T19:08:57","slug":"camiseta-malha-listrada","status":"publish","type":"product","link":"https:\/\/www.bloe.com.br\/index.php\/produto\/camiseta-malha-listrada\/","title":{"rendered":"Camiseta Malha Listrada"},"content":{"rendered":"<p>Essa \u00e9 a nossa camiseta gostosinha de meia malha (50% algod\u00e3o e 50% Poli\u00e9ster). Tecido molinho, bem macio&#8230; A estampa \u00e9 daquelas listras com tem\u00e1tica \u201cnavy\u201d&#8230;\u00a0 As listras fininhas s\u00e3o daquelas que a gente chama de \u201cestampa camarada\u201d: elas ajudam a dar aquela disfar\u00e7ada, d\u00e3o a impress\u00e3o de silhueta mais magrinha. Quem n\u00e3o quer, n\u00e9?<\/p>\n","protected":false},"excerpt":{"rendered":"<p>Essa \u00e9 a nossa camiseta gostosinha de meia malha (50% algod\u00e3o e 50% Poli\u00e9ster).<\/p>\n","protected":false},"featured_media":4836,"comment_status":"open","ping_status":"closed","template":"","meta":{"spay_email":"","jetpack_publicize_message":"","jetpack_is_tweetstorm":false},"jetpack_publicize_connections":[],"_links":{"self":[{"href":"https:\/\/www.bloe.com.br\/index.php\/wp-json\/wp\/v2\/product\/4831"}],"collection":[{"href":"https:\/\/www.bloe.com.br\/index.php\/wp-json\/wp\/v2\/product"}],"about":[{"href":"https:\/\/www.bloe.com.br\/index.php\/wp-json\/wp\/v2\/types\/product"}],"replies":[{"embeddable":true,"href":"https:\/\/www.bloe.com.br\/index.php\/wp-json\/wp\/v2\/comments?post=4831"}],"wp:featuredmedia":[{"embeddable":true,"href":"https:\/\/www.bloe.com.br\/index.php\/wp-json\/wp\/v2\/media\/4836"}],"wp:attachment":[{"href":"https:\/\/www.bloe.com.br\/index.php\/wp-json\/wp\/v2\/media?parent=4831"}],"curies":[{"name":"wp","href":"https:\/\/api.w.org\/{rel}","templated":true}]}}