{"id":4815,"date":"2021-12-06T17:32:13","date_gmt":"2021-12-06T20:32:13","guid":{"rendered":"https:\/\/www.bloe.com.br\/?post_type=product&#038;p=4815"},"modified":"2022-12-06T10:02:36","modified_gmt":"2022-12-06T13:02:36","slug":"bermuda-praia-chambray-listrada-masculina","status":"publish","type":"product","link":"https:\/\/www.bloe.com.br\/index.php\/produto\/bermuda-praia-chambray-listrada-masculina\/","title":{"rendered":"Bermuda Praia Chambray Listrada Masculina"},"content":{"rendered":"<p>Nossa bermuda que tem cara de praia, mas com conforto de (100% algod\u00e3o). \u00c9 aquela cor b\u00e1sica, tipo \u00edndigo, que voc\u00ea usa com tudo e mais um pouco. Tem um cadar\u00e7o cru que d\u00e1 aquela cara bem natural e tem bolso na parte de tr\u00e1s.<\/p>\n","protected":false},"excerpt":{"rendered":"<p>Nossa bermuda que tem cara de praia, mas com conforto de (100% algod\u00e3o).<\/p>\n","protected":false},"featured_media":4817,"comment_status":"open","ping_status":"closed","template":"","meta":{"spay_email":"","jetpack_publicize_message":"","jetpack_is_tweetstorm":false},"jetpack_publicize_connections":[],"_links":{"self":[{"href":"https:\/\/www.bloe.com.br\/index.php\/wp-json\/wp\/v2\/product\/4815"}],"collection":[{"href":"https:\/\/www.bloe.com.br\/index.php\/wp-json\/wp\/v2\/product"}],"about":[{"href":"https:\/\/www.bloe.com.br\/index.php\/wp-json\/wp\/v2\/types\/product"}],"replies":[{"embeddable":true,"href":"https:\/\/www.bloe.com.br\/index.php\/wp-json\/wp\/v2\/comments?post=4815"}],"wp:featuredmedia":[{"embeddable":true,"href":"https:\/\/www.bloe.com.br\/index.php\/wp-json\/wp\/v2\/media\/4817"}],"wp:attachment":[{"href":"https:\/\/www.bloe.com.br\/index.php\/wp-json\/wp\/v2\/media?parent=4815"}],"curies":[{"name":"wp","href":"https:\/\/api.w.org\/{rel}","templated":true}]}}