{"id":4793,"date":"2021-12-06T17:40:43","date_gmt":"2021-12-06T20:40:43","guid":{"rendered":"https:\/\/www.bloe.com.br\/?post_type=product&#038;p=4793"},"modified":"2025-02-17T16:51:58","modified_gmt":"2025-02-17T19:51:58","slug":"bermuda-praia-chambray","status":"publish","type":"product","link":"https:\/\/www.bloe.com.br\/index.php\/produto\/bermuda-praia-chambray\/","title":{"rendered":"Bermuda Praia Chambray"},"content":{"rendered":"<p>Ela faz o estilo de bermuda de surf, mas os tecidos acabam conferindo um ar mais casual \u00e0 pe\u00e7a. O corpo \u00e9 65% algod\u00e3o e 35% poliamida. Se tem um casamento que d\u00e1 certo \u00e9 esse: o algod\u00e3o d\u00e1 conforto e a poliamida torna a pe\u00e7a mais respir\u00e1vel, ou seja, absorve menos \u00e1gua e seca mais r\u00e1pido. No c\u00f3s e no vi\u00e9s, a gente caprichou com um tecido <em>chambray<\/em> 100% algod\u00e3o (pra fazer bonito voc\u00ea l\u00ea como chambr\u00ea, t\u00e1?). Tem ajuste externo de gorgur\u00e3o pra se adaptar melhor a sua cintura e um bolso embutido na costura do recorte traseiro.<\/p>\n","protected":false},"excerpt":{"rendered":"<p>Ela faz o estilo de bermuda de surf, mas os tecidos acabam conferindo um ar mais casual \u00e0 pe\u00e7a.<\/p>\n","protected":false},"featured_media":4799,"comment_status":"open","ping_status":"closed","template":"","meta":{"spay_email":"","jetpack_publicize_message":"","jetpack_is_tweetstorm":false},"jetpack_publicize_connections":[],"_links":{"self":[{"href":"https:\/\/www.bloe.com.br\/index.php\/wp-json\/wp\/v2\/product\/4793"}],"collection":[{"href":"https:\/\/www.bloe.com.br\/index.php\/wp-json\/wp\/v2\/product"}],"about":[{"href":"https:\/\/www.bloe.com.br\/index.php\/wp-json\/wp\/v2\/types\/product"}],"replies":[{"embeddable":true,"href":"https:\/\/www.bloe.com.br\/index.php\/wp-json\/wp\/v2\/comments?post=4793"}],"wp:featuredmedia":[{"embeddable":true,"href":"https:\/\/www.bloe.com.br\/index.php\/wp-json\/wp\/v2\/media\/4799"}],"wp:attachment":[{"href":"https:\/\/www.bloe.com.br\/index.php\/wp-json\/wp\/v2\/media?parent=4793"}],"curies":[{"name":"wp","href":"https:\/\/api.w.org\/{rel}","templated":true}]}}