{"id":4785,"date":"2021-12-06T17:44:10","date_gmt":"2021-12-06T20:44:10","guid":{"rendered":"https:\/\/www.bloe.com.br\/?post_type=product&#038;p=4785"},"modified":"2022-11-10T09:03:33","modified_gmt":"2022-11-10T12:03:33","slug":"camisa-xadrez","status":"publish","type":"product","link":"https:\/\/www.bloe.com.br\/index.php\/produto\/camisa-xadrez\/","title":{"rendered":"Camisa Xadrez"},"content":{"rendered":"<p>Camisa xadrez em tricoline (100% algod\u00e3o), com uma padronagem de cor cheia de sintonia. Os bot\u00f5es de madeira d\u00e1 um toque todo especial na pe\u00e7a. Pe\u00e7a feita com res\u00edduos de tecidos que n\u00e3o tinham mais utilidade para a grande ind\u00fastria e seriam descartados. O que poderia ter virado descarte virou uma pe\u00e7a nova.<\/p>\n","protected":false},"excerpt":{"rendered":"<p>Camisa xadrez em tricoline (100% algod\u00e3o), com uma padronagem de cor cheia de sintonia.<\/p>\n","protected":false},"featured_media":4788,"comment_status":"open","ping_status":"closed","template":"","meta":{"spay_email":"","jetpack_publicize_message":"","jetpack_is_tweetstorm":false},"jetpack_publicize_connections":[],"_links":{"self":[{"href":"https:\/\/www.bloe.com.br\/index.php\/wp-json\/wp\/v2\/product\/4785"}],"collection":[{"href":"https:\/\/www.bloe.com.br\/index.php\/wp-json\/wp\/v2\/product"}],"about":[{"href":"https:\/\/www.bloe.com.br\/index.php\/wp-json\/wp\/v2\/types\/product"}],"replies":[{"embeddable":true,"href":"https:\/\/www.bloe.com.br\/index.php\/wp-json\/wp\/v2\/comments?post=4785"}],"wp:featuredmedia":[{"embeddable":true,"href":"https:\/\/www.bloe.com.br\/index.php\/wp-json\/wp\/v2\/media\/4788"}],"wp:attachment":[{"href":"https:\/\/www.bloe.com.br\/index.php\/wp-json\/wp\/v2\/media?parent=4785"}],"curies":[{"name":"wp","href":"https:\/\/api.w.org\/{rel}","templated":true}]}}