{"id":4777,"date":"2021-12-06T17:47:17","date_gmt":"2021-12-06T20:47:17","guid":{"rendered":"https:\/\/www.bloe.com.br\/?post_type=product&#038;p=4777"},"modified":"2023-05-19T10:17:02","modified_gmt":"2023-05-19T13:17:02","slug":"moletom-conforto-masculino","status":"publish","type":"product","link":"https:\/\/www.bloe.com.br\/index.php\/produto\/moletom-conforto-masculino\/","title":{"rendered":"Moletom Conforto Masculino"},"content":{"rendered":"<p>Blus\u00e3o com capuz feito em moletom 61% viscose, 35% poliamida e 4% elastano. \u00c9 moletom mesmo, mas com cara de tecido nobre, tipo alfaiataria. Uma del\u00edcia, a perfeita uni\u00e3o do \u00fatil com o agrad\u00e1vel: voc\u00ea passa o dia inteiro com o conforto de um moletom com elasticidade, mas com o &#8220;vis\u00fa&#8221; nobre de uma alfaiataria cl\u00e1ssica. Pra arrematar, a gente colocou detalhes em <em>chambray, um tecido mesclado com azul. <\/em>Destaque ainda pra cotoveleira que tem um forro mais fofo: al\u00e9m de muito estiloso, ainda d\u00e1 mais conforto na hora de apoiar o bra\u00e7o! Como n\u00e3o \u00e9 t\u00e3o pesada assim e como tem poliamida, at\u00e9 naqueles dias com frio n\u00e3o t\u00e3o forte voc\u00ea consegue usar porque a poliamida \u00e9 uma fibra que absorve menos \u00e1gua, seca mais r\u00e1pido e deixa a pe\u00e7a mais respir\u00e1vel. Do jeito que a gente gosta: tecnologia t\u00eaxtil pra trazer mais funcionalidade e conforto \u00e0s nossas pe\u00e7as.<\/p>\n<p>&nbsp;<\/p>\n","protected":false},"excerpt":{"rendered":"<p>Blus\u00e3o com capuz feito em moletom 61% viscose, 35% poliamida e 4% elastano.<\/p>\n","protected":false},"featured_media":4780,"comment_status":"open","ping_status":"closed","template":"","meta":{"spay_email":"","jetpack_publicize_message":"","jetpack_is_tweetstorm":false},"jetpack_publicize_connections":[],"_links":{"self":[{"href":"https:\/\/www.bloe.com.br\/index.php\/wp-json\/wp\/v2\/product\/4777"}],"collection":[{"href":"https:\/\/www.bloe.com.br\/index.php\/wp-json\/wp\/v2\/product"}],"about":[{"href":"https:\/\/www.bloe.com.br\/index.php\/wp-json\/wp\/v2\/types\/product"}],"replies":[{"embeddable":true,"href":"https:\/\/www.bloe.com.br\/index.php\/wp-json\/wp\/v2\/comments?post=4777"}],"wp:featuredmedia":[{"embeddable":true,"href":"https:\/\/www.bloe.com.br\/index.php\/wp-json\/wp\/v2\/media\/4780"}],"wp:attachment":[{"href":"https:\/\/www.bloe.com.br\/index.php\/wp-json\/wp\/v2\/media?parent=4777"}],"curies":[{"name":"wp","href":"https:\/\/api.w.org\/{rel}","templated":true}]}}