{"id":4768,"date":"2021-12-06T17:53:00","date_gmt":"2021-12-06T20:53:00","guid":{"rendered":"https:\/\/www.bloe.com.br\/?post_type=product&#038;p=4768"},"modified":"2022-11-11T16:14:25","modified_gmt":"2022-11-11T19:14:25","slug":"malha-trico-masculina","status":"publish","type":"product","link":"https:\/\/www.bloe.com.br\/index.php\/produto\/malha-trico-masculina\/","title":{"rendered":"Malha Tric\u00f4 Masculina"},"content":{"rendered":"<p>Esse tric\u00f4 \u00e9 bonito demais! Feito em 86% algod\u00e3o, 9% poliamida e 5% poli\u00e9ster, essa malha dispensa apresenta\u00e7\u00f5es! Tem uma textura estilosa de boton\u00ea, efeito mesclado e com &#8220;bolinhas&#8221; que d\u00e1 aquela cara de natural. D\u00e1 um zoom a\u00ed no detalhe da foto que voc\u00ea vai gostar! E tem um detalhe de cotoveleira de cotel\u00ea que ficou bacana, hein? Pe\u00e7a feita com res\u00edduos de tecidos que n\u00e3o tinham mais utilidade para a grande ind\u00fastria e seriam descartados. O que poderia ter virado descarte virou uma pe\u00e7a nova.<\/p>\n","protected":false},"excerpt":{"rendered":"<p>Tem uma textura estilosa de boton\u00ea, efeito mesclado e com &#8220;bolinhas&#8221; que d\u00e1 aquela cara de natural.<\/p>\n","protected":false},"featured_media":4771,"comment_status":"open","ping_status":"closed","template":"","meta":{"spay_email":"","jetpack_publicize_message":"","jetpack_is_tweetstorm":false},"jetpack_publicize_connections":[],"_links":{"self":[{"href":"https:\/\/www.bloe.com.br\/index.php\/wp-json\/wp\/v2\/product\/4768"}],"collection":[{"href":"https:\/\/www.bloe.com.br\/index.php\/wp-json\/wp\/v2\/product"}],"about":[{"href":"https:\/\/www.bloe.com.br\/index.php\/wp-json\/wp\/v2\/types\/product"}],"replies":[{"embeddable":true,"href":"https:\/\/www.bloe.com.br\/index.php\/wp-json\/wp\/v2\/comments?post=4768"}],"wp:featuredmedia":[{"embeddable":true,"href":"https:\/\/www.bloe.com.br\/index.php\/wp-json\/wp\/v2\/media\/4771"}],"wp:attachment":[{"href":"https:\/\/www.bloe.com.br\/index.php\/wp-json\/wp\/v2\/media?parent=4768"}],"curies":[{"name":"wp","href":"https:\/\/api.w.org\/{rel}","templated":true}]}}