{"id":4735,"date":"2021-12-06T17:57:41","date_gmt":"2021-12-06T20:57:41","guid":{"rendered":"https:\/\/www.bloe.com.br\/?post_type=product&#038;p=4735"},"modified":"2025-09-29T14:22:57","modified_gmt":"2025-09-29T17:22:57","slug":"calca-viagem-masculino","status":"publish","type":"product","link":"https:\/\/www.bloe.com.br\/index.php\/produto\/calca-viagem-masculino\/","title":{"rendered":"Cal\u00e7a Viagem Masculino"},"content":{"rendered":"<p>Cal\u00e7a em uma tela leve em 100% algod\u00e3o, com detalhes de acabamento interno em tricoline listrada. Mais um xod\u00f3 do nosso acervo! Os bolsos t\u00eam um design bem bacana, mas mantendo a funcionalidade. As pregas aumentam o espa\u00e7o \u00fatil do bolso, que tem fechamento com bot\u00e3o de press\u00e3o. S\u00f3 que com o n\u00edvel certo de press\u00e3o. Fora o conforto do c\u00f3s de el\u00e1stico, a cal\u00e7a ainda tem um cadar\u00e7o na cintura que permite um ajuste mais ergon\u00f4mico.<\/p>\n","protected":false},"excerpt":{"rendered":"<p>Cal\u00e7a em uma tela leve em 100% algod\u00e3o, com detalhes de acabamento interno em tricoline listrada.<\/p>\n","protected":false},"featured_media":4740,"comment_status":"open","ping_status":"closed","template":"","meta":{"spay_email":"","jetpack_publicize_message":"","jetpack_is_tweetstorm":false},"jetpack_publicize_connections":[],"_links":{"self":[{"href":"https:\/\/www.bloe.com.br\/index.php\/wp-json\/wp\/v2\/product\/4735"}],"collection":[{"href":"https:\/\/www.bloe.com.br\/index.php\/wp-json\/wp\/v2\/product"}],"about":[{"href":"https:\/\/www.bloe.com.br\/index.php\/wp-json\/wp\/v2\/types\/product"}],"replies":[{"embeddable":true,"href":"https:\/\/www.bloe.com.br\/index.php\/wp-json\/wp\/v2\/comments?post=4735"}],"wp:featuredmedia":[{"embeddable":true,"href":"https:\/\/www.bloe.com.br\/index.php\/wp-json\/wp\/v2\/media\/4740"}],"wp:attachment":[{"href":"https:\/\/www.bloe.com.br\/index.php\/wp-json\/wp\/v2\/media?parent=4735"}],"curies":[{"name":"wp","href":"https:\/\/api.w.org\/{rel}","templated":true}]}}