{"id":4702,"date":"2021-12-03T14:55:25","date_gmt":"2021-12-03T17:55:25","guid":{"rendered":"https:\/\/www.bloe.com.br\/?post_type=product&#038;p=4702"},"modified":"2025-09-29T14:19:07","modified_gmt":"2025-09-29T17:19:07","slug":"calca-chino-passeio-masculina","status":"publish","type":"product","link":"https:\/\/www.bloe.com.br\/index.php\/produto\/calca-chino-passeio-masculina\/","title":{"rendered":"Cal\u00e7a Chino Passeio Masculina"},"content":{"rendered":"<p>Cal\u00e7a chino, normal, &#8220;basicona&#8221; mais uma dessas que voc\u00ea usa um dia sim e outro tamb\u00e9m! Cal\u00e7a feita em tecido com 98% de algod\u00e3o e com 2% de elastano. O suficiente pra garantir mais conforto e flexibilidade de movimentos. Tem um z\u00edper no bolso &#8220;rel\u00f3gio&#8221; com acabamento oxidado (chumbo envelhecido) bem bacana e acabamento interno todo revestido com vi\u00e9s de tecido listrado.<\/p>\n","protected":false},"excerpt":{"rendered":"<p>Cal\u00e7a feita em tecido com 98% de algod\u00e3o e com 2% de elastano.<\/p>\n","protected":false},"featured_media":4706,"comment_status":"open","ping_status":"closed","template":"","meta":{"spay_email":"","jetpack_publicize_message":"","jetpack_is_tweetstorm":false},"jetpack_publicize_connections":[],"_links":{"self":[{"href":"https:\/\/www.bloe.com.br\/index.php\/wp-json\/wp\/v2\/product\/4702"}],"collection":[{"href":"https:\/\/www.bloe.com.br\/index.php\/wp-json\/wp\/v2\/product"}],"about":[{"href":"https:\/\/www.bloe.com.br\/index.php\/wp-json\/wp\/v2\/types\/product"}],"replies":[{"embeddable":true,"href":"https:\/\/www.bloe.com.br\/index.php\/wp-json\/wp\/v2\/comments?post=4702"}],"wp:featuredmedia":[{"embeddable":true,"href":"https:\/\/www.bloe.com.br\/index.php\/wp-json\/wp\/v2\/media\/4706"}],"wp:attachment":[{"href":"https:\/\/www.bloe.com.br\/index.php\/wp-json\/wp\/v2\/media?parent=4702"}],"curies":[{"name":"wp","href":"https:\/\/api.w.org\/{rel}","templated":true}]}}