{"id":4694,"date":"2021-12-03T15:17:39","date_gmt":"2021-12-03T18:17:39","guid":{"rendered":"https:\/\/www.bloe.com.br\/?post_type=product&#038;p=4694"},"modified":"2022-11-21T09:18:32","modified_gmt":"2022-11-21T12:18:32","slug":"calca-chino-classica-masculina","status":"publish","type":"product","link":"https:\/\/www.bloe.com.br\/index.php\/produto\/calca-chino-classica-masculina\/","title":{"rendered":"Cal\u00e7a Chino Cl\u00e1ssica Masculina"},"content":{"rendered":"<p>Cal\u00e7a chino \u00e9 feita em sarja bem nobre, com 98% de algod\u00e3o e com 2% de elastano. O suficiente pra garantir mais conforto e flexibilidade de movimentos. Tem a gra\u00e7a de um bolso diferente na parte traseira e cores no esquema pra voc\u00ea usar um dia sim e outro tamb\u00e9m. E como n\u00e3o \u00e9 s\u00f3 a casca que conta, a gente caprichou pra voc\u00ea nos acabamentos internos com vi\u00e9s de tricoline listradinho.<\/p>\n","protected":false},"excerpt":{"rendered":"<p>Cal\u00e7a chino \u00e9 feita em sarja bem nobre, com 98% de algod\u00e3o e com 2% de elastano.<\/p>\n","protected":false},"featured_media":4695,"comment_status":"open","ping_status":"closed","template":"","meta":{"spay_email":"","jetpack_publicize_message":"","jetpack_is_tweetstorm":false},"jetpack_publicize_connections":[],"_links":{"self":[{"href":"https:\/\/www.bloe.com.br\/index.php\/wp-json\/wp\/v2\/product\/4694"}],"collection":[{"href":"https:\/\/www.bloe.com.br\/index.php\/wp-json\/wp\/v2\/product"}],"about":[{"href":"https:\/\/www.bloe.com.br\/index.php\/wp-json\/wp\/v2\/types\/product"}],"replies":[{"embeddable":true,"href":"https:\/\/www.bloe.com.br\/index.php\/wp-json\/wp\/v2\/comments?post=4694"}],"wp:featuredmedia":[{"embeddable":true,"href":"https:\/\/www.bloe.com.br\/index.php\/wp-json\/wp\/v2\/media\/4695"}],"wp:attachment":[{"href":"https:\/\/www.bloe.com.br\/index.php\/wp-json\/wp\/v2\/media?parent=4694"}],"curies":[{"name":"wp","href":"https:\/\/api.w.org\/{rel}","templated":true}]}}