{"id":4605,"date":"2021-11-30T08:09:34","date_gmt":"2021-11-30T11:09:34","guid":{"rendered":"https:\/\/www.bloe.com.br\/?post_type=product&#038;p=4605"},"modified":"2023-01-24T14:59:45","modified_gmt":"2023-01-24T17:59:45","slug":"blusa-modal-bike-feminina","status":"publish","type":"product","link":"https:\/\/www.bloe.com.br\/index.php\/produto\/blusa-modal-bike-feminina\/","title":{"rendered":"Blusa Modal Bike Feminina"},"content":{"rendered":"<p>Blusa feita em malha leve, com 91% de modal e 9% de elastano. A fibra de modal \u00e9 livre de subst\u00e2ncias nocivas, pesticidas e n\u00e3o causa irrita\u00e7\u00e3o da pele. Ela \u00e9 ecologicamente produzida a partir da celulose encontrada na madeira e possui alta taxa de absor\u00e7\u00e3o (absorve 50% a mais que o algod\u00e3o) e evapora\u00e7\u00e3o da umidade. Gra\u00e7as a isso, \u00e9 uma malha que mant\u00e9m uma sensa\u00e7\u00e3o de frescor no calor e, por outro lado, tamb\u00e9m consegue manter aquecido no frio. Tem um toque ultra macio e \u00e9 muit\u00edssimo confort\u00e1vel. A modelagem \u00e9 levemente acinturada e com a parte traseira um pouco mais comprida. A pe\u00e7a, que \u00e9 b\u00e1sica, ganha uma bossa com o corte a fio presente na gola e nas mangas e com a estampa tom sobre tom de bicicleta no peito.<\/p>\n<p>&nbsp;<\/p>\n","protected":false},"excerpt":{"rendered":"<p>Blusa feita em malha leve, com 91% de modal e 9% de elastano.<\/p>\n","protected":false},"featured_media":4609,"comment_status":"open","ping_status":"closed","template":"","meta":{"spay_email":"","jetpack_publicize_message":"","jetpack_is_tweetstorm":false},"jetpack_publicize_connections":[],"_links":{"self":[{"href":"https:\/\/www.bloe.com.br\/index.php\/wp-json\/wp\/v2\/product\/4605"}],"collection":[{"href":"https:\/\/www.bloe.com.br\/index.php\/wp-json\/wp\/v2\/product"}],"about":[{"href":"https:\/\/www.bloe.com.br\/index.php\/wp-json\/wp\/v2\/types\/product"}],"replies":[{"embeddable":true,"href":"https:\/\/www.bloe.com.br\/index.php\/wp-json\/wp\/v2\/comments?post=4605"}],"wp:featuredmedia":[{"embeddable":true,"href":"https:\/\/www.bloe.com.br\/index.php\/wp-json\/wp\/v2\/media\/4609"}],"wp:attachment":[{"href":"https:\/\/www.bloe.com.br\/index.php\/wp-json\/wp\/v2\/media?parent=4605"}],"curies":[{"name":"wp","href":"https:\/\/api.w.org\/{rel}","templated":true}]}}