{"id":4556,"date":"2021-11-30T09:01:51","date_gmt":"2021-11-30T12:01:51","guid":{"rendered":"https:\/\/www.bloe.com.br\/?post_type=product&#038;p=4556"},"modified":"2025-10-23T16:20:23","modified_gmt":"2025-10-23T19:20:23","slug":"camiseta-natural-basica-feminina","status":"publish","type":"product","link":"https:\/\/www.bloe.com.br\/index.php\/produto\/camiseta-natural-basica-feminina\/","title":{"rendered":"Camiseta Natural B\u00e1sica Feminina"},"content":{"rendered":"<p>Camiseta com efeito boton\u00ea. Modelagem mais solta que pode combinar tanto por fora como por dentro da cal\u00e7a. Composi\u00e7\u00e3o: feito com 86% de poli\u00e9ster e 14% de algod\u00e3o. Tecido obtido a partir da tritura\u00e7\u00e3o de res\u00edduos de algod\u00e3o das confec\u00e7\u00f5es, sem uso de \u00e1gua ou corantes. O resultado \u00e9 um material com aspecto mais artesanal, gra\u00e7as \u00e0s misturas de cores. O complemento de poli\u00e9ster \u00e9 obtido a partir de garrafas Pet. A certifica\u00e7\u00e3o Oeko-Tex 100 atesta que o tecido \u00e9 livre de subst\u00e2ncias nocivas, pesticidas e n\u00e3o causa irrita\u00e7\u00e3o \u00e0 pele.<\/p>\n","protected":false},"excerpt":{"rendered":"<p>Camiseta com efeito boton\u00ea.<\/p>\n","protected":false},"featured_media":4563,"comment_status":"open","ping_status":"closed","template":"","meta":{"spay_email":"","jetpack_publicize_message":"","jetpack_is_tweetstorm":false},"jetpack_publicize_connections":[],"_links":{"self":[{"href":"https:\/\/www.bloe.com.br\/index.php\/wp-json\/wp\/v2\/product\/4556"}],"collection":[{"href":"https:\/\/www.bloe.com.br\/index.php\/wp-json\/wp\/v2\/product"}],"about":[{"href":"https:\/\/www.bloe.com.br\/index.php\/wp-json\/wp\/v2\/types\/product"}],"replies":[{"embeddable":true,"href":"https:\/\/www.bloe.com.br\/index.php\/wp-json\/wp\/v2\/comments?post=4556"}],"wp:featuredmedia":[{"embeddable":true,"href":"https:\/\/www.bloe.com.br\/index.php\/wp-json\/wp\/v2\/media\/4563"}],"wp:attachment":[{"href":"https:\/\/www.bloe.com.br\/index.php\/wp-json\/wp\/v2\/media?parent=4556"}],"curies":[{"name":"wp","href":"https:\/\/api.w.org\/{rel}","templated":true}]}}