{"id":4548,"date":"2021-11-30T08:53:26","date_gmt":"2021-11-30T11:53:26","guid":{"rendered":"https:\/\/www.bloe.com.br\/?post_type=product&#038;p=4548"},"modified":"2023-01-05T13:31:00","modified_gmt":"2023-01-05T16:31:00","slug":"blusa-malha-liocel-gola-canoa-feminina","status":"publish","type":"product","link":"https:\/\/www.bloe.com.br\/index.php\/produto\/blusa-malha-liocel-gola-canoa-feminina\/","title":{"rendered":"Blusa Malha Liocel Gola Canoa Feminina"},"content":{"rendered":"<p>&nbsp;<\/p>\n<p>Blusa com detalhe de costura em corte a fio e gola no formato canoa. O visual \u00e9 de alfaiataria, mas \u00e9 feito com uma malha confort\u00e1vel. A modelagem solta facilita o ajuste a diferentes corpos. Composi\u00e7\u00e3o: feito com 81% liocel, 15% poliamida e 4% elastano. A fibra de liocel usada \u00e9 da marca Tencel\u00ae. A certifica\u00e7\u00e3o Oeko-Tex 100 atesta que o tecido \u00e9 livre de subst\u00e2ncias nocivas, pesticidas e n\u00e3o causa irrita\u00e7\u00e3o \u00e0 pele. \u00c9 ecologicamente produzida a partir da celulose encontrada na madeira e possui alta taxa de absor\u00e7\u00e3o e evapora\u00e7\u00e3o da umidade. Tem um processo de ciclo fechado, que ajuda na regula\u00e7\u00e3o dos n\u00edveis de CO2. A tinturaria e estamparia utilizam \u00e1gua de reuso, o que evita o consumo de \u00e1gua pot\u00e1vel.<\/p>\n","protected":false},"excerpt":{"rendered":"<p>Blusa com detalhe de costura em corte a fio e gola no formato canoa.<\/p>\n","protected":false},"featured_media":4733,"comment_status":"open","ping_status":"closed","template":"","meta":{"spay_email":"","jetpack_publicize_message":"","jetpack_is_tweetstorm":false},"jetpack_publicize_connections":[],"_links":{"self":[{"href":"https:\/\/www.bloe.com.br\/index.php\/wp-json\/wp\/v2\/product\/4548"}],"collection":[{"href":"https:\/\/www.bloe.com.br\/index.php\/wp-json\/wp\/v2\/product"}],"about":[{"href":"https:\/\/www.bloe.com.br\/index.php\/wp-json\/wp\/v2\/types\/product"}],"replies":[{"embeddable":true,"href":"https:\/\/www.bloe.com.br\/index.php\/wp-json\/wp\/v2\/comments?post=4548"}],"wp:featuredmedia":[{"embeddable":true,"href":"https:\/\/www.bloe.com.br\/index.php\/wp-json\/wp\/v2\/media\/4733"}],"wp:attachment":[{"href":"https:\/\/www.bloe.com.br\/index.php\/wp-json\/wp\/v2\/media?parent=4548"}],"curies":[{"name":"wp","href":"https:\/\/api.w.org\/{rel}","templated":true}]}}