{"id":4538,"date":"2021-11-30T11:42:39","date_gmt":"2021-11-30T14:42:39","guid":{"rendered":"https:\/\/www.bloe.com.br\/?post_type=product&#038;p=4538"},"modified":"2022-12-06T10:02:36","modified_gmt":"2022-12-06T13:02:36","slug":"bermuda-praia-indico-liocel-masculina","status":"publish","type":"product","link":"https:\/\/www.bloe.com.br\/index.php\/produto\/bermuda-praia-indico-liocel-masculina\/","title":{"rendered":"Bermuda Praia \u00cdndigo Liocel Masculina"},"content":{"rendered":"<p>Bermuda que tem cara de praia\u00a0100% Liocel. O modal e Liocel s\u00e3o fibras naturais feitas a partir da madeira. Sua utiliza\u00e7\u00e3o contribui na redu\u00e7\u00e3o da concentra\u00e7\u00e3o de Co2 na atmosfera. \u00c9 aquela cor b\u00e1sica, tipo \u00edndigo, que voc\u00ea usa com tudo e mais um pouco. Tem um cadar\u00e7o cru que d\u00e1 aquela cara bem natural e tem bolso na parte de tr\u00e1s.<\/p>\n","protected":false},"excerpt":{"rendered":"<p>Bermuda que tem cara de praia\u00a0100% Liocel.<\/p>\n","protected":false},"featured_media":4539,"comment_status":"open","ping_status":"closed","template":"","meta":{"spay_email":"","jetpack_publicize_message":"","jetpack_is_tweetstorm":false},"jetpack_publicize_connections":[],"_links":{"self":[{"href":"https:\/\/www.bloe.com.br\/index.php\/wp-json\/wp\/v2\/product\/4538"}],"collection":[{"href":"https:\/\/www.bloe.com.br\/index.php\/wp-json\/wp\/v2\/product"}],"about":[{"href":"https:\/\/www.bloe.com.br\/index.php\/wp-json\/wp\/v2\/types\/product"}],"replies":[{"embeddable":true,"href":"https:\/\/www.bloe.com.br\/index.php\/wp-json\/wp\/v2\/comments?post=4538"}],"wp:featuredmedia":[{"embeddable":true,"href":"https:\/\/www.bloe.com.br\/index.php\/wp-json\/wp\/v2\/media\/4539"}],"wp:attachment":[{"href":"https:\/\/www.bloe.com.br\/index.php\/wp-json\/wp\/v2\/media?parent=4538"}],"curies":[{"name":"wp","href":"https:\/\/api.w.org\/{rel}","templated":true}]}}