{"id":4435,"date":"2021-11-30T10:20:27","date_gmt":"2021-11-30T13:20:27","guid":{"rendered":"https:\/\/www.bloe.com.br\/?post_type=product&#038;p=4435"},"modified":"2022-11-10T11:44:15","modified_gmt":"2022-11-10T14:44:15","slug":"camiseta-pet-veleiro-masculina","status":"publish","type":"product","link":"https:\/\/www.bloe.com.br\/index.php\/produto\/camiseta-pet-veleiro-masculina\/","title":{"rendered":"Camiseta Pet Veleiro Masculina"},"content":{"rendered":"<p>Camiseta em meia malha feita com 50% de algod\u00e3o e 50% de poli\u00e9ster produzido a partir de garrafas PET. A malha, al\u00e9m de ecol\u00f3gica, tem um toque ainda mais macio do que camisetas tradicionais feitas em 100% algod\u00e3o. A estampa \u00e9 feita em t\u00e9cnica digital, que al\u00e9m de agredir menos o meio ambiente, ainda tem toque zero. A frase \u00e9 para os amantes de viagens: \u201cEcdemomania (s.f.) \u2013 Desejo compulsivo de perambular longe de casa ou do lar\u201d.<\/p>\n","protected":false},"excerpt":{"rendered":"<p>Camiseta em meia malha feita com 50% de algod\u00e3o e 50% de poli\u00e9ster produzido a partir de garrafas PET.<\/p>\n","protected":false},"featured_media":4437,"comment_status":"open","ping_status":"closed","template":"","meta":{"spay_email":"","jetpack_publicize_message":"","jetpack_is_tweetstorm":false},"jetpack_publicize_connections":[],"_links":{"self":[{"href":"https:\/\/www.bloe.com.br\/index.php\/wp-json\/wp\/v2\/product\/4435"}],"collection":[{"href":"https:\/\/www.bloe.com.br\/index.php\/wp-json\/wp\/v2\/product"}],"about":[{"href":"https:\/\/www.bloe.com.br\/index.php\/wp-json\/wp\/v2\/types\/product"}],"replies":[{"embeddable":true,"href":"https:\/\/www.bloe.com.br\/index.php\/wp-json\/wp\/v2\/comments?post=4435"}],"wp:featuredmedia":[{"embeddable":true,"href":"https:\/\/www.bloe.com.br\/index.php\/wp-json\/wp\/v2\/media\/4437"}],"wp:attachment":[{"href":"https:\/\/www.bloe.com.br\/index.php\/wp-json\/wp\/v2\/media?parent=4435"}],"curies":[{"name":"wp","href":"https:\/\/api.w.org\/{rel}","templated":true}]}}