{"id":4345,"date":"2021-11-30T09:44:20","date_gmt":"2021-11-30T12:44:20","guid":{"rendered":"https:\/\/www.bloe.com.br\/?post_type=product&#038;p=4345"},"modified":"2023-09-15T10:18:50","modified_gmt":"2023-09-15T13:18:50","slug":"camiseta-natural-ecdemomania-feminina","status":"publish","type":"product","link":"https:\/\/www.bloe.com.br\/index.php\/produto\/camiseta-natural-ecdemomania-feminina\/","title":{"rendered":"Camiseta Natural Ecdemomania Feminina"},"content":{"rendered":"<p>Malha produzida com 86% de poli\u00e9ster PET e 14% de algod\u00e3o reciclado! O algod\u00e3o reciclado d\u00e1 uma textura estilosa de boton\u00ea! \u00c9 esse efeito mesclado e com &#8220;bolinhas&#8221; que d\u00e1 uma cara de natural. Detalhes pequenos que fazem a diferen\u00e7a: corte a fio, costura com ponto diferenciado. A Estampa \u00e9 feita em t\u00e9cnica digital, ela gera menos res\u00edduos e menos desperd\u00edcio de \u00e1gua se comparada ao silk tradicional. E ainda tem um toque mais gostoso. A frase \u00e9 para os amantes de viagens: \u201cEcdemomania (s.f.) \u2013 Desejo compulsivo de perambular longe de casa ou do lar\u201d. A modelagem tem um leve evas\u00ea na barra e a parte traseira arredondada e mais comprida e deixa ela mais vers\u00e1til.<\/p>\n","protected":false},"excerpt":{"rendered":"<p>Malha produzida com 86% de poli\u00e9ster PET e 14% de algod\u00e3o reciclado.<\/p>\n","protected":false},"featured_media":4347,"comment_status":"open","ping_status":"closed","template":"","meta":{"spay_email":"","jetpack_publicize_message":"","jetpack_is_tweetstorm":false},"jetpack_publicize_connections":[],"_links":{"self":[{"href":"https:\/\/www.bloe.com.br\/index.php\/wp-json\/wp\/v2\/product\/4345"}],"collection":[{"href":"https:\/\/www.bloe.com.br\/index.php\/wp-json\/wp\/v2\/product"}],"about":[{"href":"https:\/\/www.bloe.com.br\/index.php\/wp-json\/wp\/v2\/types\/product"}],"replies":[{"embeddable":true,"href":"https:\/\/www.bloe.com.br\/index.php\/wp-json\/wp\/v2\/comments?post=4345"}],"wp:featuredmedia":[{"embeddable":true,"href":"https:\/\/www.bloe.com.br\/index.php\/wp-json\/wp\/v2\/media\/4347"}],"wp:attachment":[{"href":"https:\/\/www.bloe.com.br\/index.php\/wp-json\/wp\/v2\/media?parent=4345"}],"curies":[{"name":"wp","href":"https:\/\/api.w.org\/{rel}","templated":true}]}}