{"id":4274,"date":"2021-11-30T09:18:49","date_gmt":"2021-11-30T12:18:49","guid":{"rendered":"https:\/\/www.bloe.com.br\/?post_type=product&#038;p=4274"},"modified":"2023-03-23T15:58:48","modified_gmt":"2023-03-23T18:58:48","slug":"camiseta-pet-montanha-feminina","status":"publish","type":"product","link":"https:\/\/www.bloe.com.br\/index.php\/produto\/camiseta-pet-montanha-feminina\/","title":{"rendered":"Camiseta Pet Montanha Feminina"},"content":{"rendered":"<p>Camiseta em meia malha feita com 50% de algod\u00e3o e 50% de poli\u00e9ster produzido a partir de garrafas PET. A malha, al\u00e9m de ecol\u00f3gica, tem um toque ainda mais macio do que camisetas tradicionais feitas em 100% algod\u00e3o. O \u201cshape\u201d \u00e9 levemente a cinturado e com um envase no final, que veste bem em v\u00e1rios tipos de corpos. A pe\u00e7a, que \u00e9 b\u00e1sica, ganha uma bossa com o corte a fio presente na gola, mangas e barra. Tem uma estampa no peito bem discreta e que agrada aos amantes de montanha e atividades outdoor.<\/p>\n","protected":false},"excerpt":{"rendered":"<p>Camiseta em meia malha feita com 50% de algod\u00e3o e 50% de poli\u00e9ster produzido a partir de garrafas PET.<\/p>\n","protected":false},"featured_media":4283,"comment_status":"open","ping_status":"closed","template":"","meta":{"spay_email":"","jetpack_publicize_message":"","jetpack_is_tweetstorm":false},"jetpack_publicize_connections":[],"_links":{"self":[{"href":"https:\/\/www.bloe.com.br\/index.php\/wp-json\/wp\/v2\/product\/4274"}],"collection":[{"href":"https:\/\/www.bloe.com.br\/index.php\/wp-json\/wp\/v2\/product"}],"about":[{"href":"https:\/\/www.bloe.com.br\/index.php\/wp-json\/wp\/v2\/types\/product"}],"replies":[{"embeddable":true,"href":"https:\/\/www.bloe.com.br\/index.php\/wp-json\/wp\/v2\/comments?post=4274"}],"wp:featuredmedia":[{"embeddable":true,"href":"https:\/\/www.bloe.com.br\/index.php\/wp-json\/wp\/v2\/media\/4283"}],"wp:attachment":[{"href":"https:\/\/www.bloe.com.br\/index.php\/wp-json\/wp\/v2\/media?parent=4274"}],"curies":[{"name":"wp","href":"https:\/\/api.w.org\/{rel}","templated":true}]}}