{"id":4265,"date":"2021-11-30T13:18:26","date_gmt":"2021-11-30T16:18:26","guid":{"rendered":"https:\/\/www.bloe.com.br\/?post_type=product&#038;p=4265"},"modified":"2024-01-22T09:04:44","modified_gmt":"2024-01-22T12:04:44","slug":"calca-residuos-slim-fit-feminina","status":"publish","type":"product","link":"https:\/\/www.bloe.com.br\/index.php\/produto\/calca-residuos-slim-fit-feminina\/","title":{"rendered":"Cal\u00e7a Res\u00edduos Slim Fit Feminina"},"content":{"rendered":"<p>Pe\u00e7a feita com res\u00edduos de tecidos que n\u00e3o tinham mais utilidade para a grande ind\u00fastria e seriam descartados. O que ia para o lixo virou uma pe\u00e7a nova. Feita em 98% algod\u00e3o e 2% elastano, com bolsos cargos nas laterais. A modelagem \u00e9 mais ajustada, mas mesmo assim, a presen\u00e7a do elastano e a forma como \u00e9 feita a trama do tecido, garante o conforto da pe\u00e7a. \u00c9 uma trama parecida com a de um moletom. Mas \u00e9 uma sarja. A cor \u00e9 bastante vers\u00e1til e f\u00e1cil de combinar.<\/p>\n","protected":false},"excerpt":{"rendered":"<p>Pe\u00e7a feita com res\u00edduos de tecidos que n\u00e3o tinham mais utilidade para a grande ind\u00fastria e seriam descartados.<\/p>\n","protected":false},"featured_media":4266,"comment_status":"open","ping_status":"closed","template":"","meta":{"spay_email":"","jetpack_publicize_message":"","jetpack_is_tweetstorm":false},"jetpack_publicize_connections":[],"_links":{"self":[{"href":"https:\/\/www.bloe.com.br\/index.php\/wp-json\/wp\/v2\/product\/4265"}],"collection":[{"href":"https:\/\/www.bloe.com.br\/index.php\/wp-json\/wp\/v2\/product"}],"about":[{"href":"https:\/\/www.bloe.com.br\/index.php\/wp-json\/wp\/v2\/types\/product"}],"replies":[{"embeddable":true,"href":"https:\/\/www.bloe.com.br\/index.php\/wp-json\/wp\/v2\/comments?post=4265"}],"wp:featuredmedia":[{"embeddable":true,"href":"https:\/\/www.bloe.com.br\/index.php\/wp-json\/wp\/v2\/media\/4266"}],"wp:attachment":[{"href":"https:\/\/www.bloe.com.br\/index.php\/wp-json\/wp\/v2\/media?parent=4265"}],"curies":[{"name":"wp","href":"https:\/\/api.w.org\/{rel}","templated":true}]}}