{"id":4134,"date":"2021-11-22T10:03:14","date_gmt":"2021-11-22T13:03:14","guid":{"rendered":"https:\/\/www.bloe.com.br\/?post_type=product&#038;p=4134"},"modified":"2024-01-22T09:08:02","modified_gmt":"2024-01-22T12:08:02","slug":"regata-linho-geometrica-feminina","status":"publish","type":"product","link":"https:\/\/www.bloe.com.br\/index.php\/produto\/regata-linho-geometrica-feminina\/","title":{"rendered":"Regata Linho Geom\u00e9trica Feminina"},"content":{"rendered":"<p>&nbsp;<\/p>\n<p>Regata detalhe de transpasse lateral e design geom\u00e9trico na cava. Com modelagem mais ampla para vestir bem em diferentes corpos e ocasi\u00f5es. O tecido tem alta capacidade de absor\u00e7\u00e3o e \u00e9 confort\u00e1vel para uso em dias quentes. Composi\u00e7\u00e3o: feito com 51% linho, 49% algod\u00e3o (Pima). O tecido \u00e9 uma combina\u00e7\u00e3o de algod\u00e3o Pima com linho. Certificado pela EUROPEAN FLAX\u00ae, a produ\u00e7\u00e3o do linho respeita crit\u00e9rios de rastreabilidade e \u00e9 cultivado sem irriga\u00e7\u00e3o e sem organismos geneticamente modificados. A certifica\u00e7\u00e3o Oeko-Tex 100 atesta que o tecido \u00e9 livre de subst\u00e2ncias nocivas, pesticidas e n\u00e3o causa irrita\u00e7\u00e3o \u00e0 pele. A tinturaria e estamparia utilizam \u00e1gua de reuso, o que evita o consumo de \u00e1gua pot\u00e1vel.<\/p>\n","protected":false},"excerpt":{"rendered":"<p>Regata detalhe de transpasse lateral e design geom\u00e9trico na cava.<\/p>\n","protected":false},"featured_media":4143,"comment_status":"open","ping_status":"closed","template":"","meta":{"spay_email":"","jetpack_publicize_message":"","jetpack_is_tweetstorm":false},"jetpack_publicize_connections":[],"_links":{"self":[{"href":"https:\/\/www.bloe.com.br\/index.php\/wp-json\/wp\/v2\/product\/4134"}],"collection":[{"href":"https:\/\/www.bloe.com.br\/index.php\/wp-json\/wp\/v2\/product"}],"about":[{"href":"https:\/\/www.bloe.com.br\/index.php\/wp-json\/wp\/v2\/types\/product"}],"replies":[{"embeddable":true,"href":"https:\/\/www.bloe.com.br\/index.php\/wp-json\/wp\/v2\/comments?post=4134"}],"wp:featuredmedia":[{"embeddable":true,"href":"https:\/\/www.bloe.com.br\/index.php\/wp-json\/wp\/v2\/media\/4143"}],"wp:attachment":[{"href":"https:\/\/www.bloe.com.br\/index.php\/wp-json\/wp\/v2\/media?parent=4134"}],"curies":[{"name":"wp","href":"https:\/\/api.w.org\/{rel}","templated":true}]}}