{"id":4132,"date":"2021-11-22T09:50:37","date_gmt":"2021-11-22T12:50:37","guid":{"rendered":"https:\/\/www.bloe.com.br\/?post_type=product&#038;p=4132"},"modified":"2022-12-09T16:46:49","modified_gmt":"2022-12-09T19:46:49","slug":"macacao-indico-liocel-pantacourt-feminina","status":"publish","type":"product","link":"https:\/\/www.bloe.com.br\/index.php\/produto\/macacao-indico-liocel-pantacourt-feminina\/","title":{"rendered":"Macac\u00e3o \u00cdndigo Liocel Pantacourt Feminina"},"content":{"rendered":"<p>Macac\u00e3o com z\u00edper invis\u00edvel na traseira, bolsos laterais e decote com abertura em \u201cV\u201d. Modelagem ampla adapt\u00e1vel a corpos e ocasi\u00f5es diversas. O tecido tem toque extremamente macio \u00e9 confort\u00e1vel para uso em dias quentes. Composi\u00e7\u00e3o: feito com 100% liocel. A fibra de liocel usada \u00e9 da marca Tencel\u00ae. \u00c9 ecologicamente produzida a partir da celulose encontrada na madeira e possui alta taxa de absor\u00e7\u00e3o e evapora\u00e7\u00e3o da umidade. Tem um processo de ciclo fechado, que ajuda na regula\u00e7\u00e3o dos n\u00edveis de CO2<\/p>\n","protected":false},"excerpt":{"rendered":"<p>Macac\u00e3o com z\u00edper invis\u00edvel na traseira, bolsos laterais e decote com abertura em \u201cV\u201d.<\/p>\n","protected":false},"featured_media":4190,"comment_status":"open","ping_status":"closed","template":"","meta":{"spay_email":"","jetpack_publicize_message":"","jetpack_is_tweetstorm":false},"jetpack_publicize_connections":[],"_links":{"self":[{"href":"https:\/\/www.bloe.com.br\/index.php\/wp-json\/wp\/v2\/product\/4132"}],"collection":[{"href":"https:\/\/www.bloe.com.br\/index.php\/wp-json\/wp\/v2\/product"}],"about":[{"href":"https:\/\/www.bloe.com.br\/index.php\/wp-json\/wp\/v2\/types\/product"}],"replies":[{"embeddable":true,"href":"https:\/\/www.bloe.com.br\/index.php\/wp-json\/wp\/v2\/comments?post=4132"}],"wp:featuredmedia":[{"embeddable":true,"href":"https:\/\/www.bloe.com.br\/index.php\/wp-json\/wp\/v2\/media\/4190"}],"wp:attachment":[{"href":"https:\/\/www.bloe.com.br\/index.php\/wp-json\/wp\/v2\/media?parent=4132"}],"curies":[{"name":"wp","href":"https:\/\/api.w.org\/{rel}","templated":true}]}}