{"id":4100,"date":"2021-11-22T10:32:15","date_gmt":"2021-11-22T13:32:15","guid":{"rendered":"https:\/\/www.bloe.com.br\/?post_type=product&#038;p=4100"},"modified":"2022-11-21T08:05:16","modified_gmt":"2022-11-21T11:05:16","slug":"camiseta-pet-sobreposicao-feminina","status":"publish","type":"product","link":"https:\/\/www.bloe.com.br\/index.php\/produto\/camiseta-pet-sobreposicao-feminina\/","title":{"rendered":"Camiseta Pet Sobreposi\u00e7\u00e3o Feminina"},"content":{"rendered":"<p>Camiseta com detalhe de estampa de tri\u00e2ngulo em sobreposi\u00e7\u00f5es com acabamento em relevo. Modelagem mais solta que pode combinar tanto por fora como por dentro da cal\u00e7a. Composi\u00e7\u00e3o: feito com 50% de algod\u00e3o e 50% de poli\u00e9ster. A meia malha \u00e9 feita com 50% de algod\u00e3o e 50% de poli\u00e9ster produzido a partir de garrafas PET. A malha, al\u00e9m de ecol\u00f3gica, tem um toque ainda mais macio do que camisetas tradicionais feitas em 100% algod\u00e3o. Estima-se que a cada camiseta, certa de duas garrafas s\u00e3o reaproveitadas.<\/p>\n","protected":false},"excerpt":{"rendered":"<p>Camiseta com detalhe de estampa de tri\u00e2ngulo em sobreposi\u00e7\u00f5es com acabamento em relevo.<\/p>\n","protected":false},"featured_media":4103,"comment_status":"open","ping_status":"closed","template":"","meta":{"spay_email":"","jetpack_publicize_message":"","jetpack_is_tweetstorm":false},"jetpack_publicize_connections":[],"_links":{"self":[{"href":"https:\/\/www.bloe.com.br\/index.php\/wp-json\/wp\/v2\/product\/4100"}],"collection":[{"href":"https:\/\/www.bloe.com.br\/index.php\/wp-json\/wp\/v2\/product"}],"about":[{"href":"https:\/\/www.bloe.com.br\/index.php\/wp-json\/wp\/v2\/types\/product"}],"replies":[{"embeddable":true,"href":"https:\/\/www.bloe.com.br\/index.php\/wp-json\/wp\/v2\/comments?post=4100"}],"wp:featuredmedia":[{"embeddable":true,"href":"https:\/\/www.bloe.com.br\/index.php\/wp-json\/wp\/v2\/media\/4103"}],"wp:attachment":[{"href":"https:\/\/www.bloe.com.br\/index.php\/wp-json\/wp\/v2\/media?parent=4100"}],"curies":[{"name":"wp","href":"https:\/\/api.w.org\/{rel}","templated":true}]}}