{"id":4092,"date":"2021-11-22T11:08:24","date_gmt":"2021-11-22T14:08:24","guid":{"rendered":"https:\/\/www.bloe.com.br\/?post_type=product&#038;p=4092"},"modified":"2022-11-11T14:30:16","modified_gmt":"2022-11-11T17:30:16","slug":"camisa-modal-plissado-lumina-feminino","status":"publish","type":"product","link":"https:\/\/www.bloe.com.br\/index.php\/produto\/camisa-modal-plissado-lumina-feminino\/","title":{"rendered":"Camisa Modal Plissado Lumina Feminino"},"content":{"rendered":"<p>Blusa feita em modelagem ampla, com plissados na frente e costas. O visual e o caimento \u00e9 de um tecido alfaiataria, mas \u00e9 feito com uma malha com toque extremamente confort\u00e1vel. Composi\u00e7\u00e3o: feito com 64% modal, 29% poli\u00e9ster e 7% linho. A fibra de modal \u00e9 ecologicamente produzida a partir da celulose encontrada na madeira e possui alta taxa de absor\u00e7\u00e3o e evapora\u00e7\u00e3o da umidade. Tem um processo de ciclo fechado, que ajuda na regula\u00e7\u00e3o dos n\u00edveis de CO2. O poli\u00e9ster \u00e9 obtido a partir da reciclagem de garrafas Pet e o linho \u00e9 uma mat\u00e9ria-prima natural e org\u00e2nica.<\/p>\n","protected":false},"excerpt":{"rendered":"<p>Blusa feita em modelagem ampla, com plissados na frente e costas.<\/p>\n","protected":false},"featured_media":4095,"comment_status":"open","ping_status":"closed","template":"","meta":{"spay_email":"","jetpack_publicize_message":"","jetpack_is_tweetstorm":false},"jetpack_publicize_connections":[],"_links":{"self":[{"href":"https:\/\/www.bloe.com.br\/index.php\/wp-json\/wp\/v2\/product\/4092"}],"collection":[{"href":"https:\/\/www.bloe.com.br\/index.php\/wp-json\/wp\/v2\/product"}],"about":[{"href":"https:\/\/www.bloe.com.br\/index.php\/wp-json\/wp\/v2\/types\/product"}],"replies":[{"embeddable":true,"href":"https:\/\/www.bloe.com.br\/index.php\/wp-json\/wp\/v2\/comments?post=4092"}],"wp:featuredmedia":[{"embeddable":true,"href":"https:\/\/www.bloe.com.br\/index.php\/wp-json\/wp\/v2\/media\/4095"}],"wp:attachment":[{"href":"https:\/\/www.bloe.com.br\/index.php\/wp-json\/wp\/v2\/media?parent=4092"}],"curies":[{"name":"wp","href":"https:\/\/api.w.org\/{rel}","templated":true}]}}