{"id":3982,"date":"2021-11-05T11:27:54","date_gmt":"2021-11-05T14:27:54","guid":{"rendered":"https:\/\/www.bloe.com.br\/?post_type=product&#038;p=3982"},"modified":"2023-11-27T13:18:50","modified_gmt":"2023-11-27T16:18:50","slug":"camiseta-pet-ceu-masculina","status":"publish","type":"product","link":"https:\/\/www.bloe.com.br\/index.php\/produto\/camiseta-pet-ceu-masculina\/","title":{"rendered":"Camiseta Pet C\u00e9u Masculina"},"content":{"rendered":"<p>Camiseta com estampa sublimada, sem toque. A estampa, com toque zero, tende a ficar com o \u201cefeito marca d\u2019\u00e1gua\u201d ainda mais acentuado ap\u00f3s as primeiras lavagens. Etiquetas e tags feitos com reaproveitamento de retalhos da produ\u00e7\u00e3o. <strong>Composi\u00e7\u00e3o:<\/strong> feito com 50% de algod\u00e3o e 50% de poli\u00e9ster. A meia malha combina algod\u00e3o certificado BCI (Better Cotton Initiative\u00ae) com 50% de poli\u00e9ster produzido a partir de garrafas PET. Al\u00e9m de ecol\u00f3gica, ela tem um toque ainda mais macio do que camisetas tradicionais feitas em 100% algod\u00e3o. Estima-se que a cada camiseta, cerca de duas garrafas s\u00e3o reaproveitadas.<\/p>\n","protected":false},"excerpt":{"rendered":"<p>Camiseta com estampa sublimada, sem toque.<\/p>\n","protected":false},"featured_media":3986,"comment_status":"open","ping_status":"closed","template":"","meta":{"spay_email":"","jetpack_publicize_message":"","jetpack_is_tweetstorm":false},"jetpack_publicize_connections":[],"_links":{"self":[{"href":"https:\/\/www.bloe.com.br\/index.php\/wp-json\/wp\/v2\/product\/3982"}],"collection":[{"href":"https:\/\/www.bloe.com.br\/index.php\/wp-json\/wp\/v2\/product"}],"about":[{"href":"https:\/\/www.bloe.com.br\/index.php\/wp-json\/wp\/v2\/types\/product"}],"replies":[{"embeddable":true,"href":"https:\/\/www.bloe.com.br\/index.php\/wp-json\/wp\/v2\/comments?post=3982"}],"wp:featuredmedia":[{"embeddable":true,"href":"https:\/\/www.bloe.com.br\/index.php\/wp-json\/wp\/v2\/media\/3986"}],"wp:attachment":[{"href":"https:\/\/www.bloe.com.br\/index.php\/wp-json\/wp\/v2\/media?parent=3982"}],"curies":[{"name":"wp","href":"https:\/\/api.w.org\/{rel}","templated":true}]}}