{"id":3749,"date":"2021-10-27T11:53:38","date_gmt":"2021-10-27T14:53:38","guid":{"rendered":"https:\/\/www.bloe.com.br\/?post_type=product&#038;p=3749"},"modified":"2023-08-31T09:11:38","modified_gmt":"2023-08-31T12:11:38","slug":"vestido-midi-botoes-liocel","status":"publish","type":"product","link":"https:\/\/www.bloe.com.br\/index.php\/produto\/vestido-midi-botoes-liocel\/","title":{"rendered":"Vestido Midi Bot\u00f5es Liocel"},"content":{"rendered":"<p>Vestido rodado com bolsos e fechamento em bot\u00f5es de c\u00f4co. Etiquetas e tags feitos com reaproveitamento de retalhos da produ\u00e7\u00e3o. <strong>Composi\u00e7\u00e3o:<\/strong> feito com 100% liocel. A fibra de liocel \u00e9 ecologicamente produzida a partir da celulose encontrada na madeira e possui alta taxa de absor\u00e7\u00e3o e evapora\u00e7\u00e3o da umidade. Por isso \u00e9 antibacteriano e respir\u00e1vel. Tem um processo de ciclo fechado, que ajuda na regula\u00e7\u00e3o dos n\u00edveis de CO2. \u00c9 naturalmente biodegrad\u00e1vel, seu cultivo n\u00e3o requer irriga\u00e7\u00e3o ou pesticidas e n\u00e3o produz subprodutos nocivos. Em compara\u00e7\u00e3o com outras fibras artificiais, ele usa menos \u00e1gua e energia.<\/p>\n","protected":false},"excerpt":{"rendered":"<p>Vestido rodado com bolsos e fechamento em bot\u00f5es de c\u00f4co.<\/p>\n","protected":false},"featured_media":3753,"comment_status":"open","ping_status":"closed","template":"","meta":{"spay_email":"","jetpack_publicize_message":"","jetpack_is_tweetstorm":false},"jetpack_publicize_connections":[],"_links":{"self":[{"href":"https:\/\/www.bloe.com.br\/index.php\/wp-json\/wp\/v2\/product\/3749"}],"collection":[{"href":"https:\/\/www.bloe.com.br\/index.php\/wp-json\/wp\/v2\/product"}],"about":[{"href":"https:\/\/www.bloe.com.br\/index.php\/wp-json\/wp\/v2\/types\/product"}],"replies":[{"embeddable":true,"href":"https:\/\/www.bloe.com.br\/index.php\/wp-json\/wp\/v2\/comments?post=3749"}],"wp:featuredmedia":[{"embeddable":true,"href":"https:\/\/www.bloe.com.br\/index.php\/wp-json\/wp\/v2\/media\/3753"}],"wp:attachment":[{"href":"https:\/\/www.bloe.com.br\/index.php\/wp-json\/wp\/v2\/media?parent=3749"}],"curies":[{"name":"wp","href":"https:\/\/api.w.org\/{rel}","templated":true}]}}