{"id":3718,"date":"2021-10-27T10:03:05","date_gmt":"2021-10-27T13:03:05","guid":{"rendered":"https:\/\/www.bloe.com.br\/?post_type=product&#038;p=3718"},"modified":"2024-11-07T17:17:45","modified_gmt":"2024-11-07T20:17:45","slug":"chemise-liocel","status":"publish","type":"product","link":"https:\/\/www.bloe.com.br\/index.php\/produto\/chemise-liocel\/","title":{"rendered":"Chemise Liocel"},"content":{"rendered":"<p>Chemise com bolsos e fechamento em bot\u00f5es de c\u00f4co. Etiquetas e tags feitos com reaproveitamento de retalhos da produ\u00e7\u00e3o. A modelagem solta facilita o ajuste a diferentes corpos. <strong>Composi\u00e7\u00e3o:<\/strong> feito com 100% liocel.<\/p>\n<p>A fibra de liocel \u00e9 ecologicamente produzida a partir da celulose encontrada na madeira e possui alta taxa de absor\u00e7\u00e3o e evapora\u00e7\u00e3o da umidade. Por isso \u00e9 antibacteriano e respir\u00e1vel. Tem um processo de ciclo fechado, que ajuda na regula\u00e7\u00e3o dos n\u00edveis de CO2. \u00c9 naturalmente biodegrad\u00e1vel, seu cultivo n\u00e3o requer irriga\u00e7\u00e3o ou pesticidas e n\u00e3o produz subprodutos nocivos. Em compara\u00e7\u00e3o com outras fibras artificiais, ele usa menos \u00e1gua e energia.<\/p>\n","protected":false},"excerpt":{"rendered":"<p>Chemise com bolsos e fechamento em bot\u00f5es de c\u00f4co.<\/p>\n","protected":false},"featured_media":3719,"comment_status":"open","ping_status":"closed","template":"","meta":{"spay_email":"","jetpack_publicize_message":"","jetpack_is_tweetstorm":false},"jetpack_publicize_connections":[],"_links":{"self":[{"href":"https:\/\/www.bloe.com.br\/index.php\/wp-json\/wp\/v2\/product\/3718"}],"collection":[{"href":"https:\/\/www.bloe.com.br\/index.php\/wp-json\/wp\/v2\/product"}],"about":[{"href":"https:\/\/www.bloe.com.br\/index.php\/wp-json\/wp\/v2\/types\/product"}],"replies":[{"embeddable":true,"href":"https:\/\/www.bloe.com.br\/index.php\/wp-json\/wp\/v2\/comments?post=3718"}],"wp:featuredmedia":[{"embeddable":true,"href":"https:\/\/www.bloe.com.br\/index.php\/wp-json\/wp\/v2\/media\/3719"}],"wp:attachment":[{"href":"https:\/\/www.bloe.com.br\/index.php\/wp-json\/wp\/v2\/media?parent=3718"}],"curies":[{"name":"wp","href":"https:\/\/api.w.org\/{rel}","templated":true}]}}