{"id":3668,"date":"2021-09-22T08:51:34","date_gmt":"2021-09-22T11:51:34","guid":{"rendered":"https:\/\/www.bloe.com.br\/?post_type=product&#038;p=3668"},"modified":"2025-10-23T16:23:37","modified_gmt":"2025-10-23T19:23:37","slug":"saia-curta-transpasse-liocel","status":"publish","type":"product","link":"https:\/\/www.bloe.com.br\/index.php\/produto\/saia-curta-transpasse-liocel\/","title":{"rendered":"Saia Curta Transpasse Liocel"},"content":{"rendered":"<p>Saia transpassada com faixa para amarra\u00e7\u00e3o no c\u00f3s e ilh\u00f3s de metal. Etiquetas e tags feitos com reaproveitamento de retalhos da produ\u00e7\u00e3o. A modelagem adapt\u00e1vel a diferentes corpos. <strong>Composi\u00e7\u00e3o:<\/strong> feito com 100% liocel.<\/p>\n<p>A fibra de liocel \u00e9 ecologicamente produzida a partir da celulose encontrada na madeira e possui alta taxa de absor\u00e7\u00e3o e evapora\u00e7\u00e3o da umidade. Por isso \u00e9 antibacteriano e respir\u00e1vel. Tem um processo de ciclo fechado, que ajuda na regula\u00e7\u00e3o dos n\u00edveis de CO2. \u00c9 naturalmente biodegrad\u00e1vel, seu cultivo n\u00e3o requer irriga\u00e7\u00e3o ou pesticidas e n\u00e3o produz subprodutos nocivos. Em compara\u00e7\u00e3o com outras fibras artificiais, ele usa menos \u00e1gua e energia.<\/p>\n","protected":false},"excerpt":{"rendered":"<p>Saia transpassada com faixa para amarra\u00e7\u00e3o no c\u00f3s e ilh\u00f3s de metal.<\/p>\n","protected":false},"featured_media":5530,"comment_status":"open","ping_status":"closed","template":"","meta":{"spay_email":"","jetpack_publicize_message":"","jetpack_is_tweetstorm":false},"jetpack_publicize_connections":[],"_links":{"self":[{"href":"https:\/\/www.bloe.com.br\/index.php\/wp-json\/wp\/v2\/product\/3668"}],"collection":[{"href":"https:\/\/www.bloe.com.br\/index.php\/wp-json\/wp\/v2\/product"}],"about":[{"href":"https:\/\/www.bloe.com.br\/index.php\/wp-json\/wp\/v2\/types\/product"}],"replies":[{"embeddable":true,"href":"https:\/\/www.bloe.com.br\/index.php\/wp-json\/wp\/v2\/comments?post=3668"}],"wp:featuredmedia":[{"embeddable":true,"href":"https:\/\/www.bloe.com.br\/index.php\/wp-json\/wp\/v2\/media\/5530"}],"wp:attachment":[{"href":"https:\/\/www.bloe.com.br\/index.php\/wp-json\/wp\/v2\/media?parent=3668"}],"curies":[{"name":"wp","href":"https:\/\/api.w.org\/{rel}","templated":true}]}}