{"id":3604,"date":"2021-09-13T13:58:07","date_gmt":"2021-09-13T16:58:07","guid":{"rendered":"https:\/\/www.bloe.com.br\/?post_type=product&#038;p=3604"},"modified":"2025-10-23T15:55:29","modified_gmt":"2025-10-23T18:55:29","slug":"regata-malha-liocel-decote-costas","status":"publish","type":"product","link":"https:\/\/www.bloe.com.br\/index.php\/produto\/regata-malha-liocel-decote-costas\/","title":{"rendered":"Regata Malha Liocel Decote Costas"},"content":{"rendered":"<p>Regata com decote traseiro e V e corte a fio. O visual \u00e9 de alfaiataria, mas \u00e9 feito com uma malha confort\u00e1vel. Etiquetas e tags feitos com reaproveitamento de retalhos da produ\u00e7\u00e3o. <strong>Composi\u00e7\u00e3o:<\/strong> feito com 81% liocel, 15% poliamida e 4% elastano.<\/p>\n<p>A fibra de liocel usada \u00e9 da marca Tencel\u00ae. A certifica\u00e7\u00e3o OEKO-TEX 100 atesta que o tecido \u00e9 livre de subst\u00e2ncias nocivas, pesticidas e n\u00e3o causa irrita\u00e7\u00e3o \u00e0 pele. \u00c9 ecologicamente produzida a partir da celulose encontrada na madeira e possui alta taxa de absor\u00e7\u00e3o e evapora\u00e7\u00e3o da umidade. Tem um processo de ciclo fechado, que ajuda na regula\u00e7\u00e3o dos n\u00edveis de CO2. A tinturaria e estamparia utilizam \u00e1gua de reuso, o que evita o consumo de \u00e1gua pot\u00e1vel.<\/p>\n","protected":false},"excerpt":{"rendered":"<p>Regata com decote traseiro e V e corte a fio. O visual \u00e9 de alfaiataria, mas \u00e9 feito com uma malha confort\u00e1vel.<\/p>\n","protected":false},"featured_media":5527,"comment_status":"open","ping_status":"closed","template":"","meta":{"spay_email":"","jetpack_publicize_message":"","jetpack_is_tweetstorm":false},"jetpack_publicize_connections":[],"_links":{"self":[{"href":"https:\/\/www.bloe.com.br\/index.php\/wp-json\/wp\/v2\/product\/3604"}],"collection":[{"href":"https:\/\/www.bloe.com.br\/index.php\/wp-json\/wp\/v2\/product"}],"about":[{"href":"https:\/\/www.bloe.com.br\/index.php\/wp-json\/wp\/v2\/types\/product"}],"replies":[{"embeddable":true,"href":"https:\/\/www.bloe.com.br\/index.php\/wp-json\/wp\/v2\/comments?post=3604"}],"wp:featuredmedia":[{"embeddable":true,"href":"https:\/\/www.bloe.com.br\/index.php\/wp-json\/wp\/v2\/media\/5527"}],"wp:attachment":[{"href":"https:\/\/www.bloe.com.br\/index.php\/wp-json\/wp\/v2\/media?parent=3604"}],"curies":[{"name":"wp","href":"https:\/\/api.w.org\/{rel}","templated":true}]}}