{"id":3593,"date":"2021-09-13T13:39:14","date_gmt":"2021-09-13T16:39:14","guid":{"rendered":"https:\/\/www.bloe.com.br\/?post_type=product&#038;p=3593"},"modified":"2024-01-22T09:24:42","modified_gmt":"2024-01-22T12:24:42","slug":"regata-linho-listrada-feminina","status":"publish","type":"product","link":"https:\/\/www.bloe.com.br\/index.php\/produto\/regata-linho-listrada-feminina\/","title":{"rendered":"Regata Linho Listrada Feminina"},"content":{"rendered":"<p>Regata com bot\u00f5es de c\u00f4co. A estampa listrada \u00e9 b\u00e1sica, atemporal e bem f\u00e1cil de combinar. Etiquetas e tags feitos com reaproveitamento de retalhos da produ\u00e7\u00e3o. O tecido tem alta capacidade de absor\u00e7\u00e3o e \u00e9 confort\u00e1vel para uso em dias quentes. <strong>Composi\u00e7\u00e3o:<\/strong> feito com 70% de algod\u00e3o e 30% de linho.<\/p>\n<p>O linho \u00e9 um tecido natural e org\u00e2nico fabricado a partir de uma planta fibrosa, sem adi\u00e7\u00e3o de produtos sint\u00e9ticos. \u00c9 muito mais resistente que o algod\u00e3o, possuindo alto poder de absor\u00e7\u00e3o e tingimento.<\/p>\n","protected":false},"excerpt":{"rendered":"<p>Regata com bot\u00f5es de c\u00f4co. A estampa listrada \u00e9 b\u00e1sica, atemporal e bem f\u00e1cil de combinar.<\/p>\n","protected":false},"featured_media":3594,"comment_status":"open","ping_status":"closed","template":"","meta":{"spay_email":"","jetpack_publicize_message":"","jetpack_is_tweetstorm":false},"jetpack_publicize_connections":[],"_links":{"self":[{"href":"https:\/\/www.bloe.com.br\/index.php\/wp-json\/wp\/v2\/product\/3593"}],"collection":[{"href":"https:\/\/www.bloe.com.br\/index.php\/wp-json\/wp\/v2\/product"}],"about":[{"href":"https:\/\/www.bloe.com.br\/index.php\/wp-json\/wp\/v2\/types\/product"}],"replies":[{"embeddable":true,"href":"https:\/\/www.bloe.com.br\/index.php\/wp-json\/wp\/v2\/comments?post=3593"}],"wp:featuredmedia":[{"embeddable":true,"href":"https:\/\/www.bloe.com.br\/index.php\/wp-json\/wp\/v2\/media\/3594"}],"wp:attachment":[{"href":"https:\/\/www.bloe.com.br\/index.php\/wp-json\/wp\/v2\/media?parent=3593"}],"curies":[{"name":"wp","href":"https:\/\/api.w.org\/{rel}","templated":true}]}}