{"id":3532,"date":"2021-09-09T15:04:18","date_gmt":"2021-09-09T18:04:18","guid":{"rendered":"https:\/\/www.bloe.com.br\/?post_type=product&#038;p=3532"},"modified":"2025-11-21T07:42:52","modified_gmt":"2025-11-21T10:42:52","slug":"camiseta-algodao-organico-ela-feminina","status":"publish","type":"product","link":"https:\/\/www.bloe.com.br\/index.php\/produto\/camiseta-algodao-organico-ela-feminina\/","title":{"rendered":"Camiseta Algod\u00e3o Org\u00e2nico Ela Feminina"},"content":{"rendered":"<p>Camiseta b\u00e1sica com estampa no peito. Etiquetas e tags feitos com reaproveitamento de retalhos da produ\u00e7\u00e3o. <strong>Composi\u00e7\u00e3o:<\/strong> feito com 100%CO org\u00e2nico.<\/p>\n<p>O algod\u00e3o org\u00e2nico \u00e9 produzido com base nos princ\u00edpios da agricultura org\u00e2nica, que tende a ser melhor do que a convencional, pois n\u00e3o utiliza agrot\u00f3xicos e pesticidas, al\u00e9m de consumir menos \u00e1gua do que a cultura de algod\u00e3o convencional. Seu modelo de produ\u00e7\u00e3o pressup\u00f5e uma rela\u00e7\u00e3o mais justa entre os trabalhadores. Para se manter no caminho ecol\u00f3gico, o tingimento \u00e9 feito sem o uso de subst\u00e2ncias nocivas \u00e0 sa\u00fade em f\u00e1bricas certificadas com o OEKO-TEX 100.<\/p>\n","protected":false},"excerpt":{"rendered":"<p>Camiseta b\u00e1sica com estampa no peito.<\/p>\n","protected":false},"featured_media":3533,"comment_status":"open","ping_status":"closed","template":"","meta":{"spay_email":"","jetpack_publicize_message":"","jetpack_is_tweetstorm":false},"jetpack_publicize_connections":[],"_links":{"self":[{"href":"https:\/\/www.bloe.com.br\/index.php\/wp-json\/wp\/v2\/product\/3532"}],"collection":[{"href":"https:\/\/www.bloe.com.br\/index.php\/wp-json\/wp\/v2\/product"}],"about":[{"href":"https:\/\/www.bloe.com.br\/index.php\/wp-json\/wp\/v2\/types\/product"}],"replies":[{"embeddable":true,"href":"https:\/\/www.bloe.com.br\/index.php\/wp-json\/wp\/v2\/comments?post=3532"}],"wp:featuredmedia":[{"embeddable":true,"href":"https:\/\/www.bloe.com.br\/index.php\/wp-json\/wp\/v2\/media\/3533"}],"wp:attachment":[{"href":"https:\/\/www.bloe.com.br\/index.php\/wp-json\/wp\/v2\/media?parent=3532"}],"curies":[{"name":"wp","href":"https:\/\/api.w.org\/{rel}","templated":true}]}}