{"id":3428,"date":"2021-09-08T11:33:27","date_gmt":"2021-09-08T14:33:27","guid":{"rendered":"https:\/\/www.bloe.com.br\/?post_type=product&#038;p=3428"},"modified":"2023-01-04T14:26:32","modified_gmt":"2023-01-04T17:26:32","slug":"camisa-ampla-linho-feminina","status":"publish","type":"product","link":"https:\/\/www.bloe.com.br\/index.php\/produto\/camisa-ampla-linho-feminina\/","title":{"rendered":"Camisa Ampla Linho Feminina"},"content":{"rendered":"<p>Camisa com modelagem ampla e bot\u00f5es de ureia. Design pensado para se adaptar a diferentes ocasi\u00f5es. Etiquetas e tags feitos com reaproveitamento de retalhos da produ\u00e7\u00e3o. O tecido tem alta capacidade de absor\u00e7\u00e3o e \u00e9 confort\u00e1vel para uso em dias quentes. <strong>Composi\u00e7\u00e3o:<\/strong> feito com 51% linho, 49% algod\u00e3o (Pima).<\/p>\n<p>O linho \u00e9 um tecido natural e org\u00e2nico fabricado a partir de uma planta fibrosa. Certificado pela EUROPEAN FLAX\u00ae, a produ\u00e7\u00e3o do nosso linho respeita crit\u00e9rios de rastreabilidade e \u00e9 cultivado sem irriga\u00e7\u00e3o e sem organismos geneticamente modificados. A certifica\u00e7\u00e3o OEKO-TEX 100 atesta que o tecido \u00e9 livre de subst\u00e2ncias nocivas, pesticidas e n\u00e3o causa irrita\u00e7\u00e3o \u00e0 pele. A tinturaria e estamparia utilizam \u00e1gua de reuso, o que evita o consumo de \u00e1gua pot\u00e1vel.<\/p>\n","protected":false},"excerpt":{"rendered":"<p>Camisa com modelagem ampla e bot\u00f5es de ureia. Design pensado para se adaptar a diferentes ocasi\u00f5es.<\/p>\n","protected":false},"featured_media":3429,"comment_status":"open","ping_status":"closed","template":"","meta":{"spay_email":"","jetpack_publicize_message":"","jetpack_is_tweetstorm":false},"jetpack_publicize_connections":[],"_links":{"self":[{"href":"https:\/\/www.bloe.com.br\/index.php\/wp-json\/wp\/v2\/product\/3428"}],"collection":[{"href":"https:\/\/www.bloe.com.br\/index.php\/wp-json\/wp\/v2\/product"}],"about":[{"href":"https:\/\/www.bloe.com.br\/index.php\/wp-json\/wp\/v2\/types\/product"}],"replies":[{"embeddable":true,"href":"https:\/\/www.bloe.com.br\/index.php\/wp-json\/wp\/v2\/comments?post=3428"}],"wp:featuredmedia":[{"embeddable":true,"href":"https:\/\/www.bloe.com.br\/index.php\/wp-json\/wp\/v2\/media\/3429"}],"wp:attachment":[{"href":"https:\/\/www.bloe.com.br\/index.php\/wp-json\/wp\/v2\/media?parent=3428"}],"curies":[{"name":"wp","href":"https:\/\/api.w.org\/{rel}","templated":true}]}}