{"id":3184,"date":"2021-08-26T14:07:12","date_gmt":"2021-08-26T17:07:12","guid":{"rendered":"https:\/\/www.bloe.com.br\/?post_type=product&#038;p=3184"},"modified":"2025-11-03T11:03:07","modified_gmt":"2025-11-03T14:03:07","slug":"blusa-modal-feminina-gola-v-bordado-arte","status":"publish","type":"product","link":"https:\/\/www.bloe.com.br\/index.php\/produto\/blusa-modal-feminina-gola-v-bordado-arte\/","title":{"rendered":"Blusa Modal Feminina Gola V Bordado Arte"},"content":{"rendered":"<p>Blusa de modal, com gola V e recorte no centro frente e costas que melhoram o aproveitamento da modelagem. Bordado na gola: \u201carte n\u00e3o \u00e9 o que voc\u00ea v\u00ea\u201d. Pe\u00e7a criada em colabora\u00e7\u00e3o com a artista Kalina Juzwiak (kaju.). No lugar do tag de papel, o produto acompanha uma bolsinha, feita com os retalhos da pe\u00e7a, que voc\u00ea pode usar de v\u00e1rias maneiras. As etiquetas tamb\u00e9m s\u00e3o feitas com reaproveitamento de tecido. O tecido \u00e9 uma malha de algod\u00e3o org\u00e2nico.<\/p>\n<p>A fibra de modal \u00e9 livre de subst\u00e2ncias nocivas, pesticidas e n\u00e3o causa irrita\u00e7\u00e3o da pele. Ela \u00e9 ecologicamente produzida a partir da celulose encontrada na madeira e possui alta taxa de absor\u00e7\u00e3o (absorve 50% a mais que o algod\u00e3o) e evapora\u00e7\u00e3o da umidade. Gra\u00e7as a isso, \u00e9 uma malha que mant\u00e9m uma sensa\u00e7\u00e3o de frescor no calor e, por outro lado, tamb\u00e9m consegue manter aquecido no frio. Tem um toque ultra macio e \u00e9 muit\u00edssimo confort\u00e1vel. <strong>Composi\u00e7\u00e3o:<\/strong> 91% de modal e 9% de elastano.<\/p>\n","protected":false},"excerpt":{"rendered":"<p>Blusa de modal, com gola V e recorte no centro frente e costas que melhoram o aproveitamento da modelagem. Bordado na gola: \u201carte n\u00e3o \u00e9 o que voc\u00ea v\u00ea\u201d. Pe\u00e7a criada em colabora\u00e7\u00e3o com a artista Kalina Juzwiak (kaju.).<\/p>\n","protected":false},"featured_media":3189,"comment_status":"open","ping_status":"closed","template":"","meta":{"spay_email":"","jetpack_publicize_message":"","jetpack_is_tweetstorm":false},"jetpack_publicize_connections":[],"_links":{"self":[{"href":"https:\/\/www.bloe.com.br\/index.php\/wp-json\/wp\/v2\/product\/3184"}],"collection":[{"href":"https:\/\/www.bloe.com.br\/index.php\/wp-json\/wp\/v2\/product"}],"about":[{"href":"https:\/\/www.bloe.com.br\/index.php\/wp-json\/wp\/v2\/types\/product"}],"replies":[{"embeddable":true,"href":"https:\/\/www.bloe.com.br\/index.php\/wp-json\/wp\/v2\/comments?post=3184"}],"wp:featuredmedia":[{"embeddable":true,"href":"https:\/\/www.bloe.com.br\/index.php\/wp-json\/wp\/v2\/media\/3189"}],"wp:attachment":[{"href":"https:\/\/www.bloe.com.br\/index.php\/wp-json\/wp\/v2\/media?parent=3184"}],"curies":[{"name":"wp","href":"https:\/\/api.w.org\/{rel}","templated":true}]}}