{"id":3151,"date":"2021-08-26T15:17:22","date_gmt":"2021-08-26T18:17:22","guid":{"rendered":"https:\/\/www.bloe.com.br\/?post_type=product&#038;p=3151"},"modified":"2023-01-05T11:00:59","modified_gmt":"2023-01-05T14:00:59","slug":"camiseta-oversized-residuos-estampa-florescer-a-dois","status":"publish","type":"product","link":"https:\/\/www.bloe.com.br\/index.php\/produto\/camiseta-oversized-residuos-estampa-florescer-a-dois\/","title":{"rendered":"Camiseta Oversized Res\u00edduos Estampa Florescer a Dois"},"content":{"rendered":"<p>Camiseta com modelagem oversized e unissex. Estampa frontal. O recorte nas costas melhora o aproveitamento do tecido. Pe\u00e7a criada em colabora\u00e7\u00e3o com a artista Kalina Juzwiak (kaju.). No lugar do tag de papel, o produto acompanha uma bolsinha, feita com os retalhos da pe\u00e7a, que voc\u00ea pode usar de v\u00e1rias maneiras. As etiquetas tamb\u00e9m s\u00e3o feitas com reaproveitamento de tecido. O tecido \u00e9 uma malha nobre, de algod\u00e3o BCI (Better Cotton Initiative). O tingimento \u00e9 feito sem o uso de subst\u00e2ncias nocivas \u00e0 sa\u00fade em f\u00e1bricas certificadas com o OEKO-TEX 100. A malha ainda conta com o selo PETA VEGAN, que atesta que nenhuma de nossas mat\u00e9rias-primas \u00e9 de origem animal. Tecido obtido a partir do garimpo em sobras da ind\u00fastria de larga escala e por isso, produzimos quantidades reduzidas.\u00a0 <strong>Composi\u00e7\u00e3o:<\/strong> 100% algod\u00e3o.<\/p>\n","protected":false},"excerpt":{"rendered":"<p>Camiseta com modelagem oversized e unissex. Estampa frontal. O recorte nas costas melhora o aproveitamento do tecido. Pe\u00e7a criada em colabora\u00e7\u00e3o com a artista Kalina Juzwiak (kaju.).<\/p>\n","protected":false},"featured_media":3152,"comment_status":"open","ping_status":"closed","template":"","meta":{"spay_email":"","jetpack_publicize_message":"","jetpack_is_tweetstorm":false},"jetpack_publicize_connections":[],"_links":{"self":[{"href":"https:\/\/www.bloe.com.br\/index.php\/wp-json\/wp\/v2\/product\/3151"}],"collection":[{"href":"https:\/\/www.bloe.com.br\/index.php\/wp-json\/wp\/v2\/product"}],"about":[{"href":"https:\/\/www.bloe.com.br\/index.php\/wp-json\/wp\/v2\/types\/product"}],"replies":[{"embeddable":true,"href":"https:\/\/www.bloe.com.br\/index.php\/wp-json\/wp\/v2\/comments?post=3151"}],"wp:featuredmedia":[{"embeddable":true,"href":"https:\/\/www.bloe.com.br\/index.php\/wp-json\/wp\/v2\/media\/3152"}],"wp:attachment":[{"href":"https:\/\/www.bloe.com.br\/index.php\/wp-json\/wp\/v2\/media?parent=3151"}],"curies":[{"name":"wp","href":"https:\/\/api.w.org\/{rel}","templated":true}]}}