{"id":3135,"date":"2021-08-26T15:20:14","date_gmt":"2021-08-26T18:20:14","guid":{"rendered":"https:\/\/www.bloe.com.br\/?post_type=product&#038;p=3135"},"modified":"2024-05-15T13:28:30","modified_gmt":"2024-05-15T16:28:30","slug":"macacao-linho-bordado-instantes","status":"publish","type":"product","link":"https:\/\/www.bloe.com.br\/index.php\/produto\/macacao-linho-bordado-instantes\/","title":{"rendered":"Macac\u00e3o Linho Bordado Instantes"},"content":{"rendered":"<p>Macac\u00e3o de linho, com bot\u00f5es para regulagens diversas na cintura e com abertura em z\u00edper. Bolsos nas laterais e traseiros. Bordado \u201csomos instantes\u201d no peito. Pe\u00e7a criada em colabora\u00e7\u00e3o com a artista Kalina Juzwiak (kaju.). Excelente tecido para o ver\u00e3o. No lugar do tag de papel, o produto acompanha uma bolsinha, feita com os retalhos da pe\u00e7a, que voc\u00ea pode usar de v\u00e1rias maneiras. As etiquetas tamb\u00e9m s\u00e3o feitas com reaproveitamento de tecido. Os bot\u00f5es s\u00e3o feitos em madeira. O tecido \u00e9 uma mistura de linho com algod\u00e3o pima. Certificado pela EUROPEAN FLAX\u00ae, a produ\u00e7\u00e3o do linho respeita crit\u00e9rios de rastreabilidade e \u00e9 cultivado sem irriga\u00e7\u00e3o e sem organismos geneticamente modificados. A certifica\u00e7\u00e3o OEKO-TEX 100 atesta que o tecido \u00e9 livre de subst\u00e2ncias nocivas, pesticidas e n\u00e3o causa irrita\u00e7\u00e3o \u00e0 pele. A tinturaria e estamparia utilizam \u00e1gua de reuso, o que evita o consumo de \u00e1gua pot\u00e1vel. <strong>Composi\u00e7\u00e3o:<\/strong> 51% linho, 49% algod\u00e3o pima.<\/p>\n","protected":false},"excerpt":{"rendered":"<p>Macac\u00e3o de linho, com bot\u00f5es para regulagens diversas na cintura e com abertura em z\u00edper. Bolsos nas laterais e traseiros. Bordado \u201csomos instantes\u201d no peito. Pe\u00e7a criada em colabora\u00e7\u00e3o com a artista Kalina Juzwiak (kaju.).<\/p>\n","protected":false},"featured_media":3140,"comment_status":"open","ping_status":"closed","template":"","meta":{"spay_email":"","jetpack_publicize_message":"","jetpack_is_tweetstorm":false},"jetpack_publicize_connections":[],"_links":{"self":[{"href":"https:\/\/www.bloe.com.br\/index.php\/wp-json\/wp\/v2\/product\/3135"}],"collection":[{"href":"https:\/\/www.bloe.com.br\/index.php\/wp-json\/wp\/v2\/product"}],"about":[{"href":"https:\/\/www.bloe.com.br\/index.php\/wp-json\/wp\/v2\/types\/product"}],"replies":[{"embeddable":true,"href":"https:\/\/www.bloe.com.br\/index.php\/wp-json\/wp\/v2\/comments?post=3135"}],"wp:featuredmedia":[{"embeddable":true,"href":"https:\/\/www.bloe.com.br\/index.php\/wp-json\/wp\/v2\/media\/3140"}],"wp:attachment":[{"href":"https:\/\/www.bloe.com.br\/index.php\/wp-json\/wp\/v2\/media?parent=3135"}],"curies":[{"name":"wp","href":"https:\/\/api.w.org\/{rel}","templated":true}]}}