{"id":3123,"date":"2021-08-26T15:21:06","date_gmt":"2021-08-26T18:21:06","guid":{"rendered":"https:\/\/www.bloe.com.br\/?post_type=product&#038;p=3123"},"modified":"2022-05-25T09:30:38","modified_gmt":"2022-05-25T12:30:38","slug":"avental-residuos-indigo-bordado-passaro","status":"publish","type":"product","link":"https:\/\/www.bloe.com.br\/index.php\/produto\/avental-residuos-indigo-bordado-passaro\/","title":{"rendered":"Avental Res\u00edduos \u00cdndigo Bordado P\u00e1ssaro"},"content":{"rendered":"<p>Avental unissex, com bordado frontal: \u201ccada ser \u00e9 um universo\u201d. Possui bolsos em tamanhos diversos que garante usabilidade para situa\u00e7\u00f5es diversas (cozinha, jardinagem, artes, etc). Pe\u00e7a criada em colabora\u00e7\u00e3o com a artista Kalina Juzwiak (kaju.). Al\u00e7as em gorgor\u00e3o de algod\u00e3o cru. No lugar do tag de papel, o produto acompanha uma bolsinha, feita com os retalhos da pe\u00e7a, que voc\u00ea pode usar de v\u00e1rias maneiras. As etiquetas tamb\u00e9m s\u00e3o feitas com reaproveitamento de tecido. O tecido \u00e9 resultado do nosso garimpo em sobras da ind\u00fastria de larga escala e, por isso, a produ\u00e7\u00e3o \u00e9 feita em pequenas quantidades. <strong>Composi\u00e7\u00e3o:<\/strong> 100% algod\u00e3o.<\/p>\n<p>&nbsp;<\/p>\n","protected":false},"excerpt":{"rendered":"<p>Avental unissex, com bordado frontal: \u201ccada ser \u00e9 um universo\u201d. Possui bolsos em tamanhos diversos que garante usabilidade para situa\u00e7\u00f5es diversas (cozinha, jardinagem, artes, etc). Pe\u00e7a criada em colabora\u00e7\u00e3o com a artista Kalina Juzwiak (kaju.).<\/p>\n","protected":false},"featured_media":3124,"comment_status":"open","ping_status":"closed","template":"","meta":{"spay_email":"","jetpack_publicize_message":"","jetpack_is_tweetstorm":false},"jetpack_publicize_connections":[],"_links":{"self":[{"href":"https:\/\/www.bloe.com.br\/index.php\/wp-json\/wp\/v2\/product\/3123"}],"collection":[{"href":"https:\/\/www.bloe.com.br\/index.php\/wp-json\/wp\/v2\/product"}],"about":[{"href":"https:\/\/www.bloe.com.br\/index.php\/wp-json\/wp\/v2\/types\/product"}],"replies":[{"embeddable":true,"href":"https:\/\/www.bloe.com.br\/index.php\/wp-json\/wp\/v2\/comments?post=3123"}],"wp:featuredmedia":[{"embeddable":true,"href":"https:\/\/www.bloe.com.br\/index.php\/wp-json\/wp\/v2\/media\/3124"}],"wp:attachment":[{"href":"https:\/\/www.bloe.com.br\/index.php\/wp-json\/wp\/v2\/media?parent=3123"}],"curies":[{"name":"wp","href":"https:\/\/api.w.org\/{rel}","templated":true}]}}