{"id":3111,"date":"2021-08-26T15:22:40","date_gmt":"2021-08-26T18:22:40","guid":{"rendered":"https:\/\/www.bloe.com.br\/?post_type=product&#038;p=3111"},"modified":"2025-10-22T14:03:46","modified_gmt":"2025-10-22T17:03:46","slug":"calca-alfaiataria-liocel-cos-elastico-feminina","status":"publish","type":"product","link":"https:\/\/www.bloe.com.br\/index.php\/produto\/calca-alfaiataria-liocel-cos-elastico-feminina\/","title":{"rendered":"Cal\u00e7a Alfaiataria Liocel C\u00f3s El\u00e1stico Feminina"},"content":{"rendered":"<p>Cal\u00e7a alfaiataria em tecido liocel. Excelentes toque e frescor para o ver\u00e3o. Com bot\u00f5es de corozzo (fibra vegetal). Bolsos nas laterais e traseiros. Pe\u00e7a criada em colabora\u00e7\u00e3o com a artista Kalina Juzwiak (kaju.). No lugar do tag de papel, o produto acompanha uma bolsinha, feita com os retalhos da pe\u00e7a, que voc\u00ea pode usar de v\u00e1rias maneiras. As etiquetas tamb\u00e9m s\u00e3o feitas com reaproveitamento de tecido.<\/p>\n<p>A fibra de liocel \u00e9 ecologicamente produzida a partir da celulose encontrada na madeira e possui alta taxa de absor\u00e7\u00e3o e evapora\u00e7\u00e3o da umidade. Por isso \u00e9 antibacteriano e respir\u00e1vel. Tem um processo de ciclo fechado, que ajuda na regula\u00e7\u00e3o dos n\u00edveis de CO2. \u00c9 naturalmente biodegrad\u00e1vel, seu cultivo n\u00e3o requer irriga\u00e7\u00e3o ou pesticidas e n\u00e3o produz subprodutos nocivos. Em compara\u00e7\u00e3o com outras fibras artificiais, ele usa menos \u00e1gua e energia. <strong>Composi\u00e7\u00e3o:<\/strong> 51% linho, 49% algod\u00e3o pima. <strong>Composi\u00e7\u00e3o:<\/strong> 100% liocel.<\/p>\n<p>Aten\u00e7\u00e3o: o liocel \u00e9 uma fibra natural e delicada. Para preservar a qualidade da pe\u00e7a, lavar a m\u00e3o e n\u00e3o torcer, apenas espremer para for\u00e7ar a sa\u00edda da \u00e1gua. Remover totalmente o sab\u00e3o antes de secar a pe\u00e7a para evitar manchas e quebraduras. Se ainda assim voc\u00ea decidir fazer lavagem \u00e0 m\u00e1quina, coloque a pe\u00e7a do avesso ou dentro de um saco protetor (dica: voc\u00ea pode usar uma fronha, n\u00e3o precisa de saco especial). N\u00e3o usar m\u00e1quina de secar.<\/p>\n","protected":false},"excerpt":{"rendered":"<p>Cal\u00e7a alfaiataria em tecido liocel. Excelentes toque e frescor para o ver\u00e3o. Pe\u00e7a criada em colabora\u00e7\u00e3o com a artista Kalina Juzwiak (kaju.).<\/p>\n","protected":false},"featured_media":3115,"comment_status":"open","ping_status":"closed","template":"","meta":{"spay_email":"","jetpack_publicize_message":"","jetpack_is_tweetstorm":false},"jetpack_publicize_connections":[],"_links":{"self":[{"href":"https:\/\/www.bloe.com.br\/index.php\/wp-json\/wp\/v2\/product\/3111"}],"collection":[{"href":"https:\/\/www.bloe.com.br\/index.php\/wp-json\/wp\/v2\/product"}],"about":[{"href":"https:\/\/www.bloe.com.br\/index.php\/wp-json\/wp\/v2\/types\/product"}],"replies":[{"embeddable":true,"href":"https:\/\/www.bloe.com.br\/index.php\/wp-json\/wp\/v2\/comments?post=3111"}],"wp:featuredmedia":[{"embeddable":true,"href":"https:\/\/www.bloe.com.br\/index.php\/wp-json\/wp\/v2\/media\/3115"}],"wp:attachment":[{"href":"https:\/\/www.bloe.com.br\/index.php\/wp-json\/wp\/v2\/media?parent=3111"}],"curies":[{"name":"wp","href":"https:\/\/api.w.org\/{rel}","templated":true}]}}