{"id":3095,"date":"2021-08-26T15:23:56","date_gmt":"2021-08-26T18:23:56","guid":{"rendered":"https:\/\/www.bloe.com.br\/?post_type=product&#038;p=3095"},"modified":"2024-05-15T13:25:36","modified_gmt":"2024-05-15T16:25:36","slug":"macacao-indigo-liocel-bordado-linhas","status":"publish","type":"product","link":"https:\/\/www.bloe.com.br\/index.php\/produto\/macacao-indigo-liocel-bordado-linhas\/","title":{"rendered":"Macac\u00e3o \u00cdndigo Liocel Bordado Linhas"},"content":{"rendered":"<p>Macac\u00e3o regata de tecido \u00edndigo liocel, excelente tecido para o ver\u00e3o. Com bot\u00f5es para regulagens diversas na cintura e com abertura em z\u00edper. Bolsos nas laterais e traseiros. Bordado no recorte das costas. Pe\u00e7a criada em colabora\u00e7\u00e3o com a artista Kalina Juzwiak (kaju.). Excelente tecido para o ver\u00e3o. No lugar do tag de papel, o produto acompanha uma bolsinha, feita com os retalhos da pe\u00e7a, que voc\u00ea pode usar de v\u00e1rias maneiras. As etiquetas tamb\u00e9m s\u00e3o feitas com reaproveitamento de tecido. Os bot\u00f5es s\u00e3o feitos em madeira.<\/p>\n<p>A fibra de liocel \u00e9 ecologicamente produzida a partir da celulose encontrada na madeira e possui alta taxa de absor\u00e7\u00e3o e evapora\u00e7\u00e3o da umidade. Por isso \u00e9 antibacteriano e respir\u00e1vel. Tem um processo de ciclo fechado, que ajuda na regula\u00e7\u00e3o dos n\u00edveis de CO2. \u00c9 naturalmente biodegrad\u00e1vel, seu cultivo n\u00e3o requer irriga\u00e7\u00e3o ou pesticidas e n\u00e3o produz subprodutos nocivos. Em compara\u00e7\u00e3o com outras fibras artificiais, ele usa menos \u00e1gua e energia. <strong>Composi\u00e7\u00e3o:<\/strong> 100% liocel.<\/p>\n","protected":false},"excerpt":{"rendered":"<p>Macac\u00e3o regata de tecido \u00edndigo liocel, excelente tecido para o ver\u00e3o. Com bot\u00f5es para regulagens diversas na cintura e com abertura em z\u00edper. Bolsos nas laterais e traseiros. Bordado no recorte das costas. Pe\u00e7a criada em colabora\u00e7\u00e3o com a artista Kalina Juzwiak (kaju.).<\/p>\n","protected":false},"featured_media":3102,"comment_status":"open","ping_status":"closed","template":"","meta":{"spay_email":"","jetpack_publicize_message":"","jetpack_is_tweetstorm":false},"jetpack_publicize_connections":[],"_links":{"self":[{"href":"https:\/\/www.bloe.com.br\/index.php\/wp-json\/wp\/v2\/product\/3095"}],"collection":[{"href":"https:\/\/www.bloe.com.br\/index.php\/wp-json\/wp\/v2\/product"}],"about":[{"href":"https:\/\/www.bloe.com.br\/index.php\/wp-json\/wp\/v2\/types\/product"}],"replies":[{"embeddable":true,"href":"https:\/\/www.bloe.com.br\/index.php\/wp-json\/wp\/v2\/comments?post=3095"}],"wp:featuredmedia":[{"embeddable":true,"href":"https:\/\/www.bloe.com.br\/index.php\/wp-json\/wp\/v2\/media\/3102"}],"wp:attachment":[{"href":"https:\/\/www.bloe.com.br\/index.php\/wp-json\/wp\/v2\/media?parent=3095"}],"curies":[{"name":"wp","href":"https:\/\/api.w.org\/{rel}","templated":true}]}}