{"id":3068,"date":"2021-08-26T15:25:12","date_gmt":"2021-08-26T18:25:12","guid":{"rendered":"https:\/\/www.bloe.com.br\/?post_type=product&#038;p=3068"},"modified":"2024-01-22T09:54:38","modified_gmt":"2024-01-22T12:54:38","slug":"blusa-tricot-feminina-bordado-florescer","status":"publish","type":"product","link":"https:\/\/www.bloe.com.br\/index.php\/produto\/blusa-tricot-feminina-bordado-florescer\/","title":{"rendered":"Blusa Tric\u00f4t Feminina Bordado Florescer"},"content":{"rendered":"<p>Blusa com modelagem ampla que se adapta bem a diferentes corpos. Arte bordada frontal \u201cfaz o que te faz florescer. Pe\u00e7a criada em colabora\u00e7\u00e3o com a artista Kalina Juzwiak (kaju.). No lugar do tag de papel, o produto acompanha uma bolsinha feita com os retalhos da pe\u00e7a, que voc\u00ea pode usar de v\u00e1rias maneiras. As etiquetas tamb\u00e9m s\u00e3o feitas com reaproveitamento de tecido. O tecido \u00e9 um tricot leve e macio feito de modal. Essa fibra \u00e9 ecologicamente produzida a partir da celulose encontrada na madeira e possui alta taxa de absor\u00e7\u00e3o (absorve 50% a mais que o algod\u00e3o) e evapora\u00e7\u00e3o da umidade. <strong>Composi\u00e7\u00e3o:<\/strong> 100% modal.<\/p>\n","protected":false},"excerpt":{"rendered":"<p>Blusa com modelagem ampla que se adapta bem a diferentes corpos. Arte bordada frontal \u201cfaz o que te faz florescer. Pe\u00e7a criada em colabora\u00e7\u00e3o com a artista Kalina Juzwiak (kaju.).<\/p>\n","protected":false},"featured_media":3073,"comment_status":"open","ping_status":"closed","template":"","meta":{"spay_email":"","jetpack_publicize_message":"","jetpack_is_tweetstorm":false},"jetpack_publicize_connections":[],"_links":{"self":[{"href":"https:\/\/www.bloe.com.br\/index.php\/wp-json\/wp\/v2\/product\/3068"}],"collection":[{"href":"https:\/\/www.bloe.com.br\/index.php\/wp-json\/wp\/v2\/product"}],"about":[{"href":"https:\/\/www.bloe.com.br\/index.php\/wp-json\/wp\/v2\/types\/product"}],"replies":[{"embeddable":true,"href":"https:\/\/www.bloe.com.br\/index.php\/wp-json\/wp\/v2\/comments?post=3068"}],"wp:featuredmedia":[{"embeddable":true,"href":"https:\/\/www.bloe.com.br\/index.php\/wp-json\/wp\/v2\/media\/3073"}],"wp:attachment":[{"href":"https:\/\/www.bloe.com.br\/index.php\/wp-json\/wp\/v2\/media?parent=3068"}],"curies":[{"name":"wp","href":"https:\/\/api.w.org\/{rel}","templated":true}]}}