{"id":3057,"date":"2021-08-26T15:29:02","date_gmt":"2021-08-26T18:29:02","guid":{"rendered":"https:\/\/www.bloe.com.br\/?post_type=product&#038;p=3057"},"modified":"2025-11-03T10:49:30","modified_gmt":"2025-11-03T13:49:30","slug":"short-alfaiataria-linho-feminino","status":"publish","type":"product","link":"https:\/\/www.bloe.com.br\/index.php\/produto\/short-alfaiataria-linho-feminino\/","title":{"rendered":"Shorts Alfaiataria Linho Feminino"},"content":{"rendered":"<p>Short de alfaiataria em linho, com cintura alta e bolsos traseiros e laterais. Excelente tecido para o ver\u00e3o. Pe\u00e7a criada em colabora\u00e7\u00e3o com a artista Kalina Juzwiak (kaju.). No lugar do tag de papel, o produto acompanha uma bolsinha, feita com os retalhos da pe\u00e7a que voc\u00ea pode usar de v\u00e1rias maneiras. As etiquetas tamb\u00e9m s\u00e3o feitas com reaproveitamento de tecido. O fecho \u00e9 com bot\u00e3o de ureia. O tecido \u00e9 uma mistura de linho com algod\u00e3o pima. Certificado pela EUROPEAN FLAX\u00ae, a produ\u00e7\u00e3o do linho respeita crit\u00e9rios de rastreabilidade e \u00e9 cultivado sem irriga\u00e7\u00e3o e sem organismos geneticamente modificados. A certifica\u00e7\u00e3o OEKO-TEX 100 atesta que o tecido \u00e9 livre de subst\u00e2ncias nocivas, pesticidas e n\u00e3o causa irrita\u00e7\u00e3o \u00e0 pele. A tinturaria e estamparia utilizam \u00e1gua de reuso, o que evita o consumo de \u00e1gua pot\u00e1vel. <strong>Composi\u00e7\u00e3o:<\/strong> 51% linho, 49% algod\u00e3o pima.<\/p>\n","protected":false},"excerpt":{"rendered":"<p>Short de alfaiataria em linho, com cintura alta e bolsos traseiros e laterais. Excelente tecido para o ver\u00e3o. Pe\u00e7a criada em colabora\u00e7\u00e3o com a artista Kalina Juzwiak (kaju.).<\/p>\n","protected":false},"featured_media":3060,"comment_status":"open","ping_status":"closed","template":"","meta":{"spay_email":"","jetpack_publicize_message":"","jetpack_is_tweetstorm":false},"jetpack_publicize_connections":[],"_links":{"self":[{"href":"https:\/\/www.bloe.com.br\/index.php\/wp-json\/wp\/v2\/product\/3057"}],"collection":[{"href":"https:\/\/www.bloe.com.br\/index.php\/wp-json\/wp\/v2\/product"}],"about":[{"href":"https:\/\/www.bloe.com.br\/index.php\/wp-json\/wp\/v2\/types\/product"}],"replies":[{"embeddable":true,"href":"https:\/\/www.bloe.com.br\/index.php\/wp-json\/wp\/v2\/comments?post=3057"}],"wp:featuredmedia":[{"embeddable":true,"href":"https:\/\/www.bloe.com.br\/index.php\/wp-json\/wp\/v2\/media\/3060"}],"wp:attachment":[{"href":"https:\/\/www.bloe.com.br\/index.php\/wp-json\/wp\/v2\/media?parent=3057"}],"curies":[{"name":"wp","href":"https:\/\/api.w.org\/{rel}","templated":true}]}}