{"id":2884,"date":"2021-08-19T15:23:43","date_gmt":"2021-08-19T18:23:43","guid":{"rendered":"https:\/\/www.bloe.com.br\/?post_type=product&#038;p=2884"},"modified":"2025-09-29T14:14:51","modified_gmt":"2025-09-29T17:14:51","slug":"calca-chino-residuos-masculina","status":"publish","type":"product","link":"https:\/\/www.bloe.com.br\/index.php\/produto\/calca-chino-residuos-masculina\/","title":{"rendered":"Cal\u00e7a Chino Res\u00edduos Masculina"},"content":{"rendered":"<p>Nossa cal\u00e7a chino \u00e9 feita em sarja bem nobre, com 98% de algod\u00e3o e com 2% de elastano, o suficiente pra garantir mais conforto e flexibilidade de movimentos. Al\u00e9m disso, ela \u00e9 feita dentro dos padr\u00f5es \u00e9ticos de trabalho e vistoriada pelos principais \u00f3rg\u00e3os de auditoria. Seja pra voc\u00ea que trabalha sentado o dia todo, ou pra voc\u00ea que \u00e9 o vulgo &#8220;pau pra toda obra&#8221; (do tipo que at\u00e9 carrega caminh\u00e3o), esse &#8220;trisco&#8221; de elastano pode fazer toda a diferen\u00e7a de uma cal\u00e7a que acompanha o seu ritmo. Feito com res\u00edduos de tecidos que n\u00e3o tinham mais utilidade para a grande ind\u00fastria e seriam descartados. O que poderia ter virado descarte virou uma pe\u00e7a nova. Etiquetas e tags feitos com reaproveitamento de retalhos da produ\u00e7\u00e3o.<\/p>\n","protected":false},"excerpt":{"rendered":"<p>Nossa cal\u00e7a chino \u00e9 feita em sarja bem nobre, com 98% de algod\u00e3o e com 2% de elastano, o suficiente pra garantir mais conforto e flexibilidade de movimentos.<\/p>\n","protected":false},"featured_media":2885,"comment_status":"open","ping_status":"closed","template":"","meta":{"spay_email":"","jetpack_publicize_message":"","jetpack_is_tweetstorm":false},"jetpack_publicize_connections":[],"_links":{"self":[{"href":"https:\/\/www.bloe.com.br\/index.php\/wp-json\/wp\/v2\/product\/2884"}],"collection":[{"href":"https:\/\/www.bloe.com.br\/index.php\/wp-json\/wp\/v2\/product"}],"about":[{"href":"https:\/\/www.bloe.com.br\/index.php\/wp-json\/wp\/v2\/types\/product"}],"replies":[{"embeddable":true,"href":"https:\/\/www.bloe.com.br\/index.php\/wp-json\/wp\/v2\/comments?post=2884"}],"wp:featuredmedia":[{"embeddable":true,"href":"https:\/\/www.bloe.com.br\/index.php\/wp-json\/wp\/v2\/media\/2885"}],"wp:attachment":[{"href":"https:\/\/www.bloe.com.br\/index.php\/wp-json\/wp\/v2\/media?parent=2884"}],"curies":[{"name":"wp","href":"https:\/\/api.w.org\/{rel}","templated":true}]}}