{"id":2807,"date":"2021-08-18T14:12:38","date_gmt":"2021-08-18T17:12:38","guid":{"rendered":"https:\/\/www.bloe.com.br\/?post_type=product&#038;p=2807"},"modified":"2024-01-22T08:26:12","modified_gmt":"2024-01-22T11:26:12","slug":"vestido-longo-algodao-organico","status":"publish","type":"product","link":"https:\/\/www.bloe.com.br\/index.php\/produto\/vestido-longo-algodao-organico\/","title":{"rendered":"Vestido Longo Algod\u00e3o Org\u00e2nico"},"content":{"rendered":"<p>Vestido longo, com fendas e com decote nas costas. Modelagem soltinha que se adapta a diferentes corpos. Etiquetas e tags feitos com reaproveitamento de retalhos da produ\u00e7\u00e3o.<br \/>\nComposi\u00e7\u00e3o: feito com 100%CO org\u00e2nico.<\/p>\n","protected":false},"excerpt":{"rendered":"<p>Vestido longo, com fendas e com decote nas costas. Modelagem soltinha que se adapta a diferentes corpos.<\/p>\n","protected":false},"featured_media":5278,"comment_status":"open","ping_status":"closed","template":"","meta":{"spay_email":"","jetpack_publicize_message":"","jetpack_is_tweetstorm":false},"jetpack_publicize_connections":[],"_links":{"self":[{"href":"https:\/\/www.bloe.com.br\/index.php\/wp-json\/wp\/v2\/product\/2807"}],"collection":[{"href":"https:\/\/www.bloe.com.br\/index.php\/wp-json\/wp\/v2\/product"}],"about":[{"href":"https:\/\/www.bloe.com.br\/index.php\/wp-json\/wp\/v2\/types\/product"}],"replies":[{"embeddable":true,"href":"https:\/\/www.bloe.com.br\/index.php\/wp-json\/wp\/v2\/comments?post=2807"}],"wp:featuredmedia":[{"embeddable":true,"href":"https:\/\/www.bloe.com.br\/index.php\/wp-json\/wp\/v2\/media\/5278"}],"wp:attachment":[{"href":"https:\/\/www.bloe.com.br\/index.php\/wp-json\/wp\/v2\/media?parent=2807"}],"curies":[{"name":"wp","href":"https:\/\/api.w.org\/{rel}","templated":true}]}}