{"id":2798,"date":"2021-08-18T13:57:28","date_gmt":"2021-08-18T16:57:28","guid":{"rendered":"https:\/\/www.bloe.com.br\/?post_type=product&#038;p=2798"},"modified":"2025-09-29T14:12:33","modified_gmt":"2025-09-29T17:12:33","slug":"sueter-recortes-liocel-feminino","status":"publish","type":"product","link":"https:\/\/www.bloe.com.br\/index.php\/produto\/sueter-recortes-liocel-feminino\/","title":{"rendered":"Su\u00e9ter Recortes Liocel Feminino"},"content":{"rendered":"<p>Su\u00e9ter manga longa, com recortes na parte da frente e barras feitas com corte a fio. O visual \u00e9 de alfaiataria, mas \u00e9 feito com uma malha confort\u00e1vel. Modelagem pensada para vestir bem em diferentes corpos e ocasi\u00f5es. Composi\u00e7\u00e3o: feito com 81% liocel, 15% poliamida e 4% elastano. A fibra de liocel usada \u00e9 da marca Tencel\u00ae. A certifica\u00e7\u00e3o Oeko-Tex 100 atesta que o tecido \u00e9 livre de subst\u00e2ncias nocivas, pesticidas e n\u00e3o causa irrita\u00e7\u00e3o \u00e0 pele. \u00c9 ecologicamente produzida a partir da celulose encontrada na madeira e possui alta taxa de absor\u00e7\u00e3o e evapora\u00e7\u00e3o da umidade. Tem um processo de ciclo fechado, que ajuda na regula\u00e7\u00e3o dos n\u00edveis de CO2. A tinturaria e estamparia utilizam \u00e1gua de reuso, o que evita o consumo de \u00e1gua pot\u00e1vel.<\/p>\n","protected":false},"excerpt":{"rendered":"<p>Su\u00e9ter manga longa, com recortes na parte da frente e barras feitas com corte a fio. O visual \u00e9 de alfaiataria, mas \u00e9 feito com uma malha confort\u00e1vel.<\/p>\n","protected":false},"featured_media":2814,"comment_status":"open","ping_status":"closed","template":"","meta":{"spay_email":"","jetpack_publicize_message":"","jetpack_is_tweetstorm":false},"jetpack_publicize_connections":[],"_links":{"self":[{"href":"https:\/\/www.bloe.com.br\/index.php\/wp-json\/wp\/v2\/product\/2798"}],"collection":[{"href":"https:\/\/www.bloe.com.br\/index.php\/wp-json\/wp\/v2\/product"}],"about":[{"href":"https:\/\/www.bloe.com.br\/index.php\/wp-json\/wp\/v2\/types\/product"}],"replies":[{"embeddable":true,"href":"https:\/\/www.bloe.com.br\/index.php\/wp-json\/wp\/v2\/comments?post=2798"}],"wp:featuredmedia":[{"embeddable":true,"href":"https:\/\/www.bloe.com.br\/index.php\/wp-json\/wp\/v2\/media\/2814"}],"wp:attachment":[{"href":"https:\/\/www.bloe.com.br\/index.php\/wp-json\/wp\/v2\/media?parent=2798"}],"curies":[{"name":"wp","href":"https:\/\/api.w.org\/{rel}","templated":true}]}}