{"id":2789,"date":"2021-08-18T13:08:27","date_gmt":"2021-08-18T16:08:27","guid":{"rendered":"https:\/\/www.bloe.com.br\/?post_type=product&#038;p=2789"},"modified":"2023-05-31T12:09:26","modified_gmt":"2023-05-31T15:09:26","slug":"sueter-listras-reciclado-feminino","status":"publish","type":"product","link":"https:\/\/www.bloe.com.br\/index.php\/produto\/sueter-listras-reciclado-feminino\/","title":{"rendered":"Su\u00e9ter Listras Reciclado Feminino"},"content":{"rendered":"<p>Su\u00e9ter manga longa, com modelagem solta, pensada para vestir bem em diferentes corpos e ocasi\u00f5es. Feito com tecido produzido com as sobras t\u00eaxteis do processo de corte das confec\u00e7\u00f5es, ganhando o nome de \u201ctecido desfibrado\u201d. Como n\u00e3o \u00e9 vi\u00e1vel a identifica\u00e7\u00e3o de cada sobra t\u00eaxtil utilizada na produ\u00e7\u00e3o deste fio, e a introdu\u00e7\u00e3o destas acontece de forma aleat\u00f3ria, a composi\u00e7\u00e3o da mat\u00e9ria prima \u00e9 de \u201cdif\u00edcil determina\u00e7\u00e3o\u201d. Composi\u00e7\u00e3o: n\u00e3o determinada.<\/p>\n","protected":false},"excerpt":{"rendered":"<p>Su\u00e9ter manga longa, com modelagem solta, pensada para vestir bem em diferentes corpos e ocasi\u00f5es. Feito com tecido produzido com as sobras t\u00eaxteis do processo de corte das confec\u00e7\u00f5es, ganhando o nome de \u201ctecido desfibrado\u201d.<\/p>\n","protected":false},"featured_media":2790,"comment_status":"open","ping_status":"closed","template":"","meta":{"spay_email":"","jetpack_publicize_message":"","jetpack_is_tweetstorm":false},"jetpack_publicize_connections":[],"_links":{"self":[{"href":"https:\/\/www.bloe.com.br\/index.php\/wp-json\/wp\/v2\/product\/2789"}],"collection":[{"href":"https:\/\/www.bloe.com.br\/index.php\/wp-json\/wp\/v2\/product"}],"about":[{"href":"https:\/\/www.bloe.com.br\/index.php\/wp-json\/wp\/v2\/types\/product"}],"replies":[{"embeddable":true,"href":"https:\/\/www.bloe.com.br\/index.php\/wp-json\/wp\/v2\/comments?post=2789"}],"wp:featuredmedia":[{"embeddable":true,"href":"https:\/\/www.bloe.com.br\/index.php\/wp-json\/wp\/v2\/media\/2790"}],"wp:attachment":[{"href":"https:\/\/www.bloe.com.br\/index.php\/wp-json\/wp\/v2\/media?parent=2789"}],"curies":[{"name":"wp","href":"https:\/\/api.w.org\/{rel}","templated":true}]}}