{"id":2757,"date":"2021-08-18T10:10:05","date_gmt":"2021-08-18T13:10:05","guid":{"rendered":"https:\/\/www.bloe.com.br\/?post_type=product&#038;p=2757"},"modified":"2024-03-11T13:45:51","modified_gmt":"2024-03-11T16:45:51","slug":"pantalona-malha-natural-feminina","status":"publish","type":"product","link":"https:\/\/www.bloe.com.br\/index.php\/produto\/pantalona-malha-natural-feminina\/","title":{"rendered":"Pantalona Malha Natural Feminina"},"content":{"rendered":"<p>Cal\u00e7a com modelagem pantalona que alonga o corpo, c\u00f3s em el\u00e1stico largo e bolsos nas laterais com corte a fio. Feita com tecido natural, sem uso de corantes. O poli\u00e9ster utilizado em sua composi\u00e7\u00e3o \u00e9 obtido a partir da reciclagem de garrafas PET. Tamb\u00e9m \u00e9 utilizado o linho, que \u00e9 uma fibra natural, para dar um aspecto mais r\u00fastico. Composi\u00e7\u00e3o: 55% algod\u00e3o, 38% poli\u00e9ster e 7% linho. Os tags s\u00e3o de papel reciclado e a etiqueta \u00e9 feita com tecidos de res\u00edduos de produ\u00e7\u00e3o.<\/p>\n","protected":false},"excerpt":{"rendered":"<p>Cal\u00e7a com modelagem pantalona que alonga o corpo, c\u00f3s em el\u00e1stico largo e bolsos nas laterais com corte a fio. Feita com tecido natural, sem uso de corantes.<\/p>\n","protected":false},"featured_media":5511,"comment_status":"open","ping_status":"closed","template":"","meta":{"spay_email":"","jetpack_publicize_message":"","jetpack_is_tweetstorm":false},"jetpack_publicize_connections":[],"_links":{"self":[{"href":"https:\/\/www.bloe.com.br\/index.php\/wp-json\/wp\/v2\/product\/2757"}],"collection":[{"href":"https:\/\/www.bloe.com.br\/index.php\/wp-json\/wp\/v2\/product"}],"about":[{"href":"https:\/\/www.bloe.com.br\/index.php\/wp-json\/wp\/v2\/types\/product"}],"replies":[{"embeddable":true,"href":"https:\/\/www.bloe.com.br\/index.php\/wp-json\/wp\/v2\/comments?post=2757"}],"wp:featuredmedia":[{"embeddable":true,"href":"https:\/\/www.bloe.com.br\/index.php\/wp-json\/wp\/v2\/media\/5511"}],"wp:attachment":[{"href":"https:\/\/www.bloe.com.br\/index.php\/wp-json\/wp\/v2\/media?parent=2757"}],"curies":[{"name":"wp","href":"https:\/\/api.w.org\/{rel}","templated":true}]}}